{"id":10,"date":"2019-12-20T12:59:27","date_gmt":"2019-12-20T12:59:27","guid":{"rendered":"http:\/\/www.katze-sucht-mensch.ch\/?page_id=10"},"modified":"2024-12-04T18:35:02","modified_gmt":"2024-12-04T18:35:02","slug":"mis-laedeli","status":"publish","type":"page","link":"https:\/\/www.katze-sucht-mensch.ch\/?page_id=10","title":{"rendered":"Alles f\u00fcr die Katz"},"content":{"rendered":"\n<p>Ich geb es zu, ich bin ein Stoff-Freak und komm an&nbsp;Katzen- und M\u00e4use- und Pfoten-Stoffen nicht vorbei. Aber nicht nur das, ich liebe einfach N\u00e4hen und Kreativ-Sein \u00fcber alles: grosse Kissen, kleine Kissen, Stinke-Kisseli, W\u00e4rmekissen, Fensterbankkissen, Schl\u00fcsselb\u00e4nder, Einkaufsbeutel,&nbsp;H\u00fcllen f\u00fcr Impfausweise, Katzenspielzeug, Pf\u00f6tli-Seifen, Karten&nbsp;und noch vieles mehr. Immer wenn die Zeit es zul\u00e4sst, bin ich am Aust\u00fcfteln. <\/p>\n\n\n\n<p>Hier eine kleine Auswahl aus meinem Fundus:<\/p>\n\n\n\n<p><\/p>\n\n\n<p>\u00a0<\/p>\n<p><strong>Deko:<\/strong><\/p>\n<p><img decoding=\"async\" loading=\"lazy\" class=\"alignnone  wp-image-3562\" src=\"https:\/\/www.katze-sucht-mensch.ch\/wp-content\/uploads\/2024\/10\/Kugel-1-222x300.png\" alt=\"\" width=\"178\" height=\"241\" srcset=\"https:\/\/www.katze-sucht-mensch.ch\/wp-content\/uploads\/2024\/10\/Kugel-1-222x300.png 222w, https:\/\/www.katze-sucht-mensch.ch\/wp-content\/uploads\/2024\/10\/Kugel-1.png 232w\" sizes=\"(max-width: 178px) 100vw, 178px\" \/>\u00a0 \u00a0 \u00a0 \u00a0<img decoding=\"async\" loading=\"lazy\" class=\"alignnone  wp-image-3557\" src=\"https:\/\/www.katze-sucht-mensch.ch\/wp-content\/uploads\/2024\/10\/Kugel-0-300x223.png\" alt=\"\" width=\"325\" height=\"242\" srcset=\"https:\/\/www.katze-sucht-mensch.ch\/wp-content\/uploads\/2024\/10\/Kugel-0-300x223.png 300w, https:\/\/www.katze-sucht-mensch.ch\/wp-content\/uploads\/2024\/10\/Kugel-0.png 307w\" sizes=\"(max-width: 325px) 100vw, 325px\" \/>\u00a0 \u00a0<\/p>\n<p><img decoding=\"async\" loading=\"lazy\" class=\"alignnone  wp-image-3559\" src=\"https:\/\/www.katze-sucht-mensch.ch\/wp-content\/uploads\/2024\/10\/Kugel-2-300x207.png\" alt=\"\" width=\"533\" height=\"368\" srcset=\"https:\/\/www.katze-sucht-mensch.ch\/wp-content\/uploads\/2024\/10\/Kugel-2-300x207.png 300w, https:\/\/www.katze-sucht-mensch.ch\/wp-content\/uploads\/2024\/10\/Kugel-2.png 307w\" sizes=\"(max-width: 533px) 100vw, 533px\" \/><\/p>\n<p>jede meiner Samtpfoten bekommt bei mir ihre eigene Weihnachtskugel!\u00a0<\/p>\n<p><img decoding=\"async\" loading=\"lazy\" class=\"alignnone  wp-image-2396\" src=\"https:\/\/www.katze-sucht-mensch.ch\/wp-content\/uploads\/2023\/12\/Lustige-Katzen-300x225.jpg\" alt=\"\" width=\"440\" height=\"330\" srcset=\"https:\/\/www.katze-sucht-mensch.ch\/wp-content\/uploads\/2023\/12\/Lustige-Katzen-300x225.jpg 300w, https:\/\/www.katze-sucht-mensch.ch\/wp-content\/uploads\/2023\/12\/Lustige-Katzen.jpg 320w\" sizes=\"(max-width: 440px) 100vw, 440px\" \/><\/p>\n<p>Sind sie nicht s\u00fcss, die 4 kleinen Weihnachtswichtel-Katzen?<\/p>\n<p>\u00a0<\/p>\n<p><strong>Seifen:<\/strong><\/p>\n<p><img decoding=\"async\" loading=\"lazy\" class=\"alignnone size-medium wp-image-660\" src=\"https:\/\/www.katze-sucht-mensch.ch\/wp-content\/uploads\/2021\/11\/Seifen-225x300.jpg\" alt=\"\" width=\"225\" height=\"300\" srcset=\"https:\/\/www.katze-sucht-mensch.ch\/wp-content\/uploads\/2021\/11\/Seifen-225x300.jpg 225w, https:\/\/www.katze-sucht-mensch.ch\/wp-content\/uploads\/2021\/11\/Seifen-rotated.jpg 240w\" sizes=\"(max-width: 225px) 100vw, 225px\" \/> <img decoding=\"async\" loading=\"lazy\" class=\"alignnone size-full wp-image-659\" src=\"https:\/\/www.katze-sucht-mensch.ch\/wp-content\/uploads\/2021\/11\/Seife.jpg\" alt=\"\" width=\"268\" height=\"153\" \/><\/p>\n<p>f\u00fcr saubere &#8222;Pfoten&#8220;<\/p>\n<p>\u00a0<\/p>\n<p><strong>Schl\u00fcsselb\u00e4nder:<\/strong><\/p>\n<p><img decoding=\"async\" loading=\"lazy\" class=\"alignnone size-medium wp-image-657\" src=\"https:\/\/www.katze-sucht-mensch.ch\/wp-content\/uploads\/2021\/11\/Schl\u00fcsselband-225x300.jpg\" alt=\"\" width=\"225\" height=\"300\" srcset=\"https:\/\/www.katze-sucht-mensch.ch\/wp-content\/uploads\/2021\/11\/Schl\u00fcsselband-225x300.jpg 225w, https:\/\/www.katze-sucht-mensch.ch\/wp-content\/uploads\/2021\/11\/Schl\u00fcsselband-rotated.jpg 240w\" sizes=\"(max-width: 225px) 100vw, 225px\" \/> <img decoding=\"async\" loading=\"lazy\" class=\"alignnone size-medium wp-image-658\" src=\"https:\/\/www.katze-sucht-mensch.ch\/wp-content\/uploads\/2021\/11\/Schl\u00fcsselb\u00e4nder-225x300.jpg\" alt=\"\" width=\"225\" height=\"300\" srcset=\"https:\/\/www.katze-sucht-mensch.ch\/wp-content\/uploads\/2021\/11\/Schl\u00fcsselb\u00e4nder-225x300.jpg 225w, https:\/\/www.katze-sucht-mensch.ch\/wp-content\/uploads\/2021\/11\/Schl\u00fcsselb\u00e4nder-rotated.jpg 240w\" sizes=\"(max-width: 225px) 100vw, 225px\" \/><\/p>\n<p>Da geht keiner mehr verloren!<\/p>\n<p>\u00a0<\/p>\n<p><strong>Stinkekisseli (Katzenminze\/Baldrian):<\/strong><\/p>\n<p>die aktuelle &#8222;Weihnachtskollektion&#8220;:<\/p>\n<p><img decoding=\"async\" loading=\"lazy\" class=\"alignnone size-full wp-image-3698\" src=\"https:\/\/www.katze-sucht-mensch.ch\/wp-content\/uploads\/2024\/12\/Weihnacht-2.png\" alt=\"\" width=\"235\" height=\"279\" \/>\u00a0 \u00a0<img decoding=\"async\" loading=\"lazy\" class=\"alignnone  wp-image-3697\" src=\"https:\/\/www.katze-sucht-mensch.ch\/wp-content\/uploads\/2024\/12\/Weihnacht-1-300x224.png\" alt=\"\" width=\"374\" height=\"279\" srcset=\"https:\/\/www.katze-sucht-mensch.ch\/wp-content\/uploads\/2024\/12\/Weihnacht-1-300x224.png 300w, https:\/\/www.katze-sucht-mensch.ch\/wp-content\/uploads\/2024\/12\/Weihnacht-1.png 308w\" sizes=\"(max-width: 374px) 100vw, 374px\" \/><img decoding=\"async\" loading=\"lazy\" class=\"alignnone  wp-image-3699\" src=\"https:\/\/www.katze-sucht-mensch.ch\/wp-content\/uploads\/2024\/12\/Weihnacht-3-300x216.png\" alt=\"\" width=\"311\" height=\"224\" srcset=\"https:\/\/www.katze-sucht-mensch.ch\/wp-content\/uploads\/2024\/12\/Weihnacht-3-300x216.png 300w, https:\/\/www.katze-sucht-mensch.ch\/wp-content\/uploads\/2024\/12\/Weihnacht-3.png 309w\" sizes=\"(max-width: 311px) 100vw, 311px\" \/>\u00a0 \u00a0<img decoding=\"async\" loading=\"lazy\" class=\"alignnone  wp-image-3700\" src=\"https:\/\/www.katze-sucht-mensch.ch\/wp-content\/uploads\/2024\/12\/Weihnacht-4.png\" alt=\"\" width=\"187\" height=\"224\" \/>\u00a0 <img decoding=\"async\" loading=\"lazy\" class=\"alignnone  wp-image-3701\" src=\"https:\/\/www.katze-sucht-mensch.ch\/wp-content\/uploads\/2024\/12\/Weihnacht-5.png\" alt=\"\" width=\"179\" height=\"227\" \/><\/p>\n<p>und das &#8222;Standardprogramm&#8220;:<\/p>\n<p><img decoding=\"async\" loading=\"lazy\" class=\"alignnone  wp-image-2450\" src=\"https:\/\/www.katze-sucht-mensch.ch\/wp-content\/uploads\/2024\/01\/Kaetzli-300x225.jpg\" alt=\"\" width=\"397\" height=\"298\" srcset=\"https:\/\/www.katze-sucht-mensch.ch\/wp-content\/uploads\/2024\/01\/Kaetzli-300x225.jpg 300w, https:\/\/www.katze-sucht-mensch.ch\/wp-content\/uploads\/2024\/01\/Kaetzli.jpg 320w\" sizes=\"(max-width: 397px) 100vw, 397px\" \/>\u00a0 <img decoding=\"async\" loading=\"lazy\" class=\"alignnone size-medium wp-image-3422\" src=\"https:\/\/www.katze-sucht-mensch.ch\/wp-content\/uploads\/2024\/08\/K-4-247x300.jpg\" alt=\"\" width=\"247\" height=\"300\" srcset=\"https:\/\/www.katze-sucht-mensch.ch\/wp-content\/uploads\/2024\/08\/K-4-247x300.jpg 247w, https:\/\/www.katze-sucht-mensch.ch\/wp-content\/uploads\/2024\/08\/K-4.jpg 361w\" sizes=\"(max-width: 247px) 100vw, 247px\" \/> <img decoding=\"async\" loading=\"lazy\" class=\"alignnone size-medium wp-image-3421\" src=\"https:\/\/www.katze-sucht-mensch.ch\/wp-content\/uploads\/2024\/08\/K-3-212x300.jpg\" alt=\"\" width=\"212\" height=\"300\" srcset=\"https:\/\/www.katze-sucht-mensch.ch\/wp-content\/uploads\/2024\/08\/K-3-212x300.jpg 212w, https:\/\/www.katze-sucht-mensch.ch\/wp-content\/uploads\/2024\/08\/K-3.jpg 303w\" sizes=\"(max-width: 212px) 100vw, 212px\" \/>\u00a0 \u00a0 <img decoding=\"async\" loading=\"lazy\" class=\"alignnone size-medium wp-image-3419\" src=\"https:\/\/www.katze-sucht-mensch.ch\/wp-content\/uploads\/2024\/08\/K-1-258x300.jpg\" alt=\"\" width=\"258\" height=\"300\" srcset=\"https:\/\/www.katze-sucht-mensch.ch\/wp-content\/uploads\/2024\/08\/K-1-258x300.jpg 258w, https:\/\/www.katze-sucht-mensch.ch\/wp-content\/uploads\/2024\/08\/K-1.jpg 352w\" sizes=\"(max-width: 258px) 100vw, 258px\" \/> \u00a0 \u00a0 <img decoding=\"async\" loading=\"lazy\" class=\"alignnone size-medium wp-image-2451\" src=\"https:\/\/www.katze-sucht-mensch.ch\/wp-content\/uploads\/2024\/01\/Griraeffli-225x300.jpg\" alt=\"\" width=\"225\" height=\"300\" srcset=\"https:\/\/www.katze-sucht-mensch.ch\/wp-content\/uploads\/2024\/01\/Griraeffli-225x300.jpg 225w, https:\/\/www.katze-sucht-mensch.ch\/wp-content\/uploads\/2024\/01\/Griraeffli-rotated.jpg 240w\" sizes=\"(max-width: 225px) 100vw, 225px\" \/>\u00a0<\/p>\n<p><img decoding=\"async\" loading=\"lazy\" class=\"alignnone size-medium wp-image-656\" src=\"https:\/\/www.katze-sucht-mensch.ch\/wp-content\/uploads\/2021\/11\/Kisseli-225x300.jpg\" alt=\"\" width=\"225\" height=\"300\" srcset=\"https:\/\/www.katze-sucht-mensch.ch\/wp-content\/uploads\/2021\/11\/Kisseli-225x300.jpg 225w, https:\/\/www.katze-sucht-mensch.ch\/wp-content\/uploads\/2021\/11\/Kisseli-rotated.jpg 240w\" sizes=\"(max-width: 225px) 100vw, 225px\" \/>\u00a0 \u00a0 \u00a0 <img decoding=\"async\" loading=\"lazy\" class=\"alignnone size-medium wp-image-654\" src=\"https:\/\/www.katze-sucht-mensch.ch\/wp-content\/uploads\/2021\/11\/H\u00e4rzli-225x300.jpg\" alt=\"\" width=\"225\" height=\"300\" srcset=\"https:\/\/www.katze-sucht-mensch.ch\/wp-content\/uploads\/2021\/11\/H\u00e4rzli-225x300.jpg 225w, https:\/\/www.katze-sucht-mensch.ch\/wp-content\/uploads\/2021\/11\/H\u00e4rzli-rotated.jpg 240w\" sizes=\"(max-width: 225px) 100vw, 225px\" \/> <img decoding=\"async\" loading=\"lazy\" class=\"alignnone size-medium wp-image-3424\" src=\"https:\/\/www.katze-sucht-mensch.ch\/wp-content\/uploads\/2024\/08\/k-6-300x260.jpg\" alt=\"\" width=\"300\" height=\"260\" srcset=\"https:\/\/www.katze-sucht-mensch.ch\/wp-content\/uploads\/2024\/08\/k-6-300x260.jpg 300w, https:\/\/www.katze-sucht-mensch.ch\/wp-content\/uploads\/2024\/08\/k-6.jpg 403w\" sizes=\"(max-width: 300px) 100vw, 300px\" \/><\/p>\n<p><img decoding=\"async\" loading=\"lazy\" class=\"alignnone  wp-image-713\" src=\"https:\/\/www.katze-sucht-mensch.ch\/wp-content\/uploads\/2021\/11\/Stinkest\u00e4rnli.jpg\" alt=\"\" width=\"398\" height=\"298\" \/>\u00a0 \u00a0\u00a0 <img decoding=\"async\" loading=\"lazy\" class=\"alignnone size-medium wp-image-967\" src=\"https:\/\/www.katze-sucht-mensch.ch\/wp-content\/uploads\/2022\/04\/D2E4D4DE-7B5D-43AB-9AD2-BBD132AE1219-scaled-e1650297633681-225x300.jpeg\" alt=\"\" width=\"225\" height=\"300\" srcset=\"https:\/\/www.katze-sucht-mensch.ch\/wp-content\/uploads\/2022\/04\/D2E4D4DE-7B5D-43AB-9AD2-BBD132AE1219-scaled-e1650297633681-225x300.jpeg 225w, https:\/\/www.katze-sucht-mensch.ch\/wp-content\/uploads\/2022\/04\/D2E4D4DE-7B5D-43AB-9AD2-BBD132AE1219-scaled-e1650297633681-768x1024.jpeg 768w, https:\/\/www.katze-sucht-mensch.ch\/wp-content\/uploads\/2022\/04\/D2E4D4DE-7B5D-43AB-9AD2-BBD132AE1219-scaled-e1650297633681-1152x1536.jpeg 1152w, https:\/\/www.katze-sucht-mensch.ch\/wp-content\/uploads\/2022\/04\/D2E4D4DE-7B5D-43AB-9AD2-BBD132AE1219-scaled-e1650297633681-1536x2048.jpeg 1536w, https:\/\/www.katze-sucht-mensch.ch\/wp-content\/uploads\/2022\/04\/D2E4D4DE-7B5D-43AB-9AD2-BBD132AE1219-scaled-e1650297633681.jpeg 1920w\" sizes=\"(max-width: 225px) 100vw, 225px\" \/><\/p>\n<p><img decoding=\"async\" loading=\"lazy\" class=\"alignnone size-medium wp-image-966\" src=\"https:\/\/www.katze-sucht-mensch.ch\/wp-content\/uploads\/2022\/04\/D0D489B1-F084-4F00-AC1A-221BA3337D4F-scaled-e1650297657394-225x300.jpeg\" alt=\"\" width=\"225\" height=\"300\" srcset=\"https:\/\/www.katze-sucht-mensch.ch\/wp-content\/uploads\/2022\/04\/D0D489B1-F084-4F00-AC1A-221BA3337D4F-scaled-e1650297657394-225x300.jpeg 225w, https:\/\/www.katze-sucht-mensch.ch\/wp-content\/uploads\/2022\/04\/D0D489B1-F084-4F00-AC1A-221BA3337D4F-scaled-e1650297657394-768x1024.jpeg 768w, https:\/\/www.katze-sucht-mensch.ch\/wp-content\/uploads\/2022\/04\/D0D489B1-F084-4F00-AC1A-221BA3337D4F-scaled-e1650297657394-1152x1536.jpeg 1152w, https:\/\/www.katze-sucht-mensch.ch\/wp-content\/uploads\/2022\/04\/D0D489B1-F084-4F00-AC1A-221BA3337D4F-scaled-e1650297657394-1536x2048.jpeg 1536w, https:\/\/www.katze-sucht-mensch.ch\/wp-content\/uploads\/2022\/04\/D0D489B1-F084-4F00-AC1A-221BA3337D4F-scaled-e1650297657394.jpeg 1920w\" sizes=\"(max-width: 225px) 100vw, 225px\" \/>\u00a0 <img decoding=\"async\" loading=\"lazy\" class=\"alignnone size-medium wp-image-3423\" src=\"https:\/\/www.katze-sucht-mensch.ch\/wp-content\/uploads\/2024\/08\/K-5-300x221.jpg\" alt=\"\" width=\"300\" height=\"221\" srcset=\"https:\/\/www.katze-sucht-mensch.ch\/wp-content\/uploads\/2024\/08\/K-5-300x221.jpg 300w, https:\/\/www.katze-sucht-mensch.ch\/wp-content\/uploads\/2024\/08\/K-5.jpg 366w\" sizes=\"(max-width: 300px) 100vw, 300px\" \/><\/p>\n<p><img decoding=\"async\" loading=\"lazy\" class=\"alignnone size-medium wp-image-965\" src=\"https:\/\/www.katze-sucht-mensch.ch\/wp-content\/uploads\/2022\/04\/BD54A17C-3A29-4068-8D18-1550889A0D69-scaled-e1650297686225-225x300.jpeg\" alt=\"\" width=\"225\" height=\"300\" srcset=\"https:\/\/www.katze-sucht-mensch.ch\/wp-content\/uploads\/2022\/04\/BD54A17C-3A29-4068-8D18-1550889A0D69-scaled-e1650297686225-225x300.jpeg 225w, https:\/\/www.katze-sucht-mensch.ch\/wp-content\/uploads\/2022\/04\/BD54A17C-3A29-4068-8D18-1550889A0D69-scaled-e1650297686225-768x1024.jpeg 768w, https:\/\/www.katze-sucht-mensch.ch\/wp-content\/uploads\/2022\/04\/BD54A17C-3A29-4068-8D18-1550889A0D69-scaled-e1650297686225-1152x1536.jpeg 1152w, https:\/\/www.katze-sucht-mensch.ch\/wp-content\/uploads\/2022\/04\/BD54A17C-3A29-4068-8D18-1550889A0D69-scaled-e1650297686225-1536x2048.jpeg 1536w, https:\/\/www.katze-sucht-mensch.ch\/wp-content\/uploads\/2022\/04\/BD54A17C-3A29-4068-8D18-1550889A0D69-scaled-e1650297686225.jpeg 1920w\" sizes=\"(max-width: 225px) 100vw, 225px\" \/>\u00a0 \u00a0 \u00a0 <img decoding=\"async\" loading=\"lazy\" class=\"alignnone size-medium wp-image-964\" src=\"https:\/\/www.katze-sucht-mensch.ch\/wp-content\/uploads\/2022\/04\/FBF46CB5-E8D6-40D5-A163-26F657BF5310-225x300.jpeg\" alt=\"\" width=\"225\" height=\"300\" srcset=\"https:\/\/www.katze-sucht-mensch.ch\/wp-content\/uploads\/2022\/04\/FBF46CB5-E8D6-40D5-A163-26F657BF5310-225x300.jpeg 225w, https:\/\/www.katze-sucht-mensch.ch\/wp-content\/uploads\/2022\/04\/FBF46CB5-E8D6-40D5-A163-26F657BF5310-768x1024.jpeg 768w, https:\/\/www.katze-sucht-mensch.ch\/wp-content\/uploads\/2022\/04\/FBF46CB5-E8D6-40D5-A163-26F657BF5310-1152x1536.jpeg 1152w, https:\/\/www.katze-sucht-mensch.ch\/wp-content\/uploads\/2022\/04\/FBF46CB5-E8D6-40D5-A163-26F657BF5310-1536x2048.jpeg 1536w, https:\/\/www.katze-sucht-mensch.ch\/wp-content\/uploads\/2022\/04\/FBF46CB5-E8D6-40D5-A163-26F657BF5310-scaled.jpeg 1920w\" sizes=\"(max-width: 225px) 100vw, 225px\" \/><\/p>\n<p><img decoding=\"async\" loading=\"lazy\" class=\"alignnone size-medium wp-image-1187\" src=\"https:\/\/www.katze-sucht-mensch.ch\/wp-content\/uploads\/2022\/06\/Fisch-225x300.jpg\" alt=\"\" width=\"225\" height=\"300\" srcset=\"https:\/\/www.katze-sucht-mensch.ch\/wp-content\/uploads\/2022\/06\/Fisch-225x300.jpg 225w, https:\/\/www.katze-sucht-mensch.ch\/wp-content\/uploads\/2022\/06\/Fisch-rotated.jpg 240w\" sizes=\"(max-width: 225px) 100vw, 225px\" \/>\u00a0 <img decoding=\"async\" loading=\"lazy\" class=\"alignnone size-medium wp-image-3420\" src=\"https:\/\/www.katze-sucht-mensch.ch\/wp-content\/uploads\/2024\/08\/K-2-300x215.jpg\" alt=\"\" width=\"300\" height=\"215\" srcset=\"https:\/\/www.katze-sucht-mensch.ch\/wp-content\/uploads\/2024\/08\/K-2-300x215.jpg 300w, https:\/\/www.katze-sucht-mensch.ch\/wp-content\/uploads\/2024\/08\/K-2-350x250.jpg 350w, https:\/\/www.katze-sucht-mensch.ch\/wp-content\/uploads\/2024\/08\/K-2.jpg 360w\" sizes=\"(max-width: 300px) 100vw, 300px\" \/><\/p>\n<p>Die meisten Katzen sind ganz verr\u00fcckt danach und dann gibt&#8217;s da noch die Spezies, die sie nicht mit dem F\u00fcdli anschauen &#8230; nur Ausprobieren schafft Klarheit!<\/p>\n<p>\u00a0<\/p>\n<p><strong>Einkaufsbeutel:<\/strong><\/p>\n<p><img decoding=\"async\" loading=\"lazy\" class=\"alignnone size-medium wp-image-717\" src=\"https:\/\/www.katze-sucht-mensch.ch\/wp-content\/uploads\/2021\/11\/Tasche-4-300x225.jpg\" alt=\"\" width=\"300\" height=\"225\" srcset=\"https:\/\/www.katze-sucht-mensch.ch\/wp-content\/uploads\/2021\/11\/Tasche-4-300x225.jpg 300w, https:\/\/www.katze-sucht-mensch.ch\/wp-content\/uploads\/2021\/11\/Tasche-4.jpg 320w\" sizes=\"(max-width: 300px) 100vw, 300px\" \/> <img decoding=\"async\" loading=\"lazy\" class=\"alignnone size-medium wp-image-716\" src=\"https:\/\/www.katze-sucht-mensch.ch\/wp-content\/uploads\/2021\/11\/Tasche-3-300x225.jpg\" alt=\"\" width=\"300\" height=\"225\" srcset=\"https:\/\/www.katze-sucht-mensch.ch\/wp-content\/uploads\/2021\/11\/Tasche-3-300x225.jpg 300w, https:\/\/www.katze-sucht-mensch.ch\/wp-content\/uploads\/2021\/11\/Tasche-3.jpg 320w\" sizes=\"(max-width: 300px) 100vw, 300px\" \/><img decoding=\"async\" loading=\"lazy\" class=\"alignnone size-medium wp-image-715\" src=\"https:\/\/www.katze-sucht-mensch.ch\/wp-content\/uploads\/2021\/11\/Tasche-2-300x225.jpg\" alt=\"\" width=\"300\" height=\"225\" srcset=\"https:\/\/www.katze-sucht-mensch.ch\/wp-content\/uploads\/2021\/11\/Tasche-2-300x225.jpg 300w, https:\/\/www.katze-sucht-mensch.ch\/wp-content\/uploads\/2021\/11\/Tasche-2.jpg 320w\" sizes=\"(max-width: 300px) 100vw, 300px\" \/> <img decoding=\"async\" loading=\"lazy\" class=\"alignnone  wp-image-714\" src=\"https:\/\/www.katze-sucht-mensch.ch\/wp-content\/uploads\/2021\/11\/Tasche-1-300x214.jpg\" alt=\"\" width=\"312\" height=\"223\" srcset=\"https:\/\/www.katze-sucht-mensch.ch\/wp-content\/uploads\/2021\/11\/Tasche-1-300x214.jpg 300w, https:\/\/www.katze-sucht-mensch.ch\/wp-content\/uploads\/2021\/11\/Tasche-1.jpg 320w\" sizes=\"(max-width: 312px) 100vw, 312px\" \/>\u00a0<\/p>\n<p>damit kann man ganz viele Leckerlis kaufen und heimtragen!<\/p>\n<p>\u00a0<\/p>\n<p><strong>Besch\u00e4ftigungs-Spielzeug:<\/strong><\/p>\n<p><img decoding=\"async\" loading=\"lazy\" class=\"alignnone  wp-image-712\" src=\"https:\/\/www.katze-sucht-mensch.ch\/wp-content\/uploads\/2021\/11\/M\u00e4use-300x300.jpg\" alt=\"\" width=\"283\" height=\"283\" srcset=\"https:\/\/www.katze-sucht-mensch.ch\/wp-content\/uploads\/2021\/11\/M\u00e4use-300x300.jpg 300w, https:\/\/www.katze-sucht-mensch.ch\/wp-content\/uploads\/2021\/11\/M\u00e4use-150x150.jpg 150w, https:\/\/www.katze-sucht-mensch.ch\/wp-content\/uploads\/2021\/11\/M\u00e4use-768x768.jpg 768w, https:\/\/www.katze-sucht-mensch.ch\/wp-content\/uploads\/2021\/11\/M\u00e4use.jpg 960w\" sizes=\"(max-width: 283px) 100vw, 283px\" \/> \u00a0<img decoding=\"async\" loading=\"lazy\" class=\"alignnone  wp-image-701\" src=\"https:\/\/www.katze-sucht-mensch.ch\/wp-content\/uploads\/2021\/11\/Fummelkistli-225x300.jpg\" alt=\"\" width=\"215\" height=\"287\" srcset=\"https:\/\/www.katze-sucht-mensch.ch\/wp-content\/uploads\/2021\/11\/Fummelkistli-225x300.jpg 225w, https:\/\/www.katze-sucht-mensch.ch\/wp-content\/uploads\/2021\/11\/Fummelkistli.jpg 720w\" sizes=\"(max-width: 215px) 100vw, 215px\" \/> <img decoding=\"async\" loading=\"lazy\" class=\"alignnone  wp-image-695\" src=\"https:\/\/www.katze-sucht-mensch.ch\/wp-content\/uploads\/2021\/11\/Angel-225x300.jpg\" alt=\"\" width=\"214\" height=\"285\" srcset=\"https:\/\/www.katze-sucht-mensch.ch\/wp-content\/uploads\/2021\/11\/Angel-225x300.jpg 225w, https:\/\/www.katze-sucht-mensch.ch\/wp-content\/uploads\/2021\/11\/Angel.jpg 720w\" sizes=\"(max-width: 214px) 100vw, 214px\" \/><\/p>\n<p>Langeweile kommt da garantiert nicht mehr auf!<\/p>\n<p>\u00a0<\/p>\n<p><strong>Sonstiges:<\/strong><\/p>\n<p><img decoding=\"async\" loading=\"lazy\" class=\"alignnone size-medium wp-image-655\" src=\"https:\/\/www.katze-sucht-mensch.ch\/wp-content\/uploads\/2021\/11\/Hundeknochen-225x300.jpg\" alt=\"\" width=\"225\" height=\"300\" srcset=\"https:\/\/www.katze-sucht-mensch.ch\/wp-content\/uploads\/2021\/11\/Hundeknochen-225x300.jpg 225w, https:\/\/www.katze-sucht-mensch.ch\/wp-content\/uploads\/2021\/11\/Hundeknochen-rotated.jpg 240w\" sizes=\"(max-width: 225px) 100vw, 225px\" \/>\u00a0<\/p>\n<p>upps, das da geh\u00f6rt wohl eher in die andere Abteilung (wuff, wuff!) !<\/p>\n\n\n<p><\/p>\n\n\n\n<p class=\"has-text-align-center\">&nbsp;<\/p>\n","protected":false},"excerpt":{"rendered":"<p>Ich geb es zu, ich bin ein Stoff-Freak und komm an&nbsp;Katzen- und M\u00e4use- und Pfoten-Stoffen nicht vorbei. Aber nicht nur<\/p>\n","protected":false},"author":1,"featured_media":0,"parent":0,"menu_order":0,"comment_status":"closed","ping_status":"closed","template":"","meta":[],"_links":{"self":[{"href":"https:\/\/www.katze-sucht-mensch.ch\/index.php?rest_route=\/wp\/v2\/pages\/10"}],"collection":[{"href":"https:\/\/www.katze-sucht-mensch.ch\/index.php?rest_route=\/wp\/v2\/pages"}],"about":[{"href":"https:\/\/www.katze-sucht-mensch.ch\/index.php?rest_route=\/wp\/v2\/types\/page"}],"author":[{"embeddable":true,"href":"https:\/\/www.katze-sucht-mensch.ch\/index.php?rest_route=\/wp\/v2\/users\/1"}],"replies":[{"embeddable":true,"href":"https:\/\/www.katze-sucht-mensch.ch\/index.php?rest_route=%2Fwp%2Fv2%2Fcomments&post=10"}],"version-history":[{"count":29,"href":"https:\/\/www.katze-sucht-mensch.ch\/index.php?rest_route=\/wp\/v2\/pages\/10\/revisions"}],"predecessor-version":[{"id":3703,"href":"https:\/\/www.katze-sucht-mensch.ch\/index.php?rest_route=\/wp\/v2\/pages\/10\/revisions\/3703"}],"wp:attachment":[{"href":"https:\/\/www.katze-sucht-mensch.ch\/index.php?rest_route=%2Fwp%2Fv2%2Fmedia&parent=10"}],"curies":[{"name":"wp","href":"https:\/\/api.w.org\/{rel}","templated":true}]}}