{"id":1081,"date":"2022-05-09T11:50:29","date_gmt":"2022-05-09T11:50:29","guid":{"rendered":"http:\/\/www.katze-sucht-mensch.ch\/?page_id=1081"},"modified":"2022-05-09T11:50:29","modified_gmt":"2022-05-09T11:50:29","slug":"gefahren-fuer-die-katze","status":"publish","type":"page","link":"https:\/\/www.katze-sucht-mensch.ch\/?page_id=1081","title":{"rendered":"Gefahren f\u00fcr die Katze"},"content":{"rendered":"\n\nJetzt ist ein B\u00fcsi bei Ihnen eingezogen und Sie wollen nat\u00fcrlich nur das Beste f\u00fcr den neuen Mitbewohner. Insbesondere wollen Sie Ihr B\u00fcsi vor m\u00f6glichst allen Gefahren sch\u00fctzen.\n\n \n\nDaher nachfolgend einige Tipps, die Ihrem B\u00fcsi das Leben retten oder es zumindest vor schweren Unf\u00e4llen und Schmerzen bewahren k\u00f6nnen.\n\n \n<h3 class=\"wp-block-heading\">Freig\u00e4nger<\/h3>\n \n<ul>\n \t<li><strong>Unfall<\/strong>: Freig\u00e4nger leben immer in der Gefahr, \u00fcberfahren zu werden. Je ruhiger und verkehrsarmer die Umgebung ist, desto geringer die Gefahr. Jedoch: eine Strasse ist \u00fcberall und wo eine Strasse, da ein Auto, da &#8230; Das Risiko des \u00dcberfahrenwerdens l\u00e4sst sich nur vermeiden, indem man die Katze nicht oder nicht komplett frei laufen l\u00e4sst, z.B. nur im eingez\u00e4unten Garten. Viele Katzen, die ihren Freigang jedoch von klein auf kennen, akzeptieren dies nicht.<\/li>\n \t<li><strong>Eingesperrt<\/strong>: Katzen sind neugierig, Keller, Estriche und Einstellhallen sind Fallen f\u00fcr sie. Oft k\u00f6nnen sie z.B. wegen der H\u00f6he des Fensters zwar hineinklettern, kommen aber nicht mehr heraus. Oder die T\u00fcr wird hinter ihnen verschlossen. Wenn Ihr Freig\u00e4nger l\u00e4nger wegbleibt als gew\u00f6hnlich, machen Sie unbedingt einen Rundgang im Quartier, in einer ruhigen Zeit (D\u00e4mmerung) und rufen Sie seinen Namen. Lauschen Sie, ob er antwortet. Und h\u00e4ngen Sie Suchplakate auf und bitten die Nachbarn um \u00dcberpr\u00fcfung von Garage, Keller, Schopf, Wohnwagen u.\u00e4. Umgekehrt pr\u00fcfen Sie bitte vor einer l\u00e4ngeren Abwesenheit Ihrerseits, ob sich nicht in Ihren Nebenr\u00e4umen ein B\u00fcsi versteckt. Ihr Nachbar-B\u00fcsi wird es Ihnen danken, wenn Sie es noch vor Ihren Ferien befreien!<\/li>\n \t<li><strong>Ertrinken: <\/strong> Bitte unbedingt Swimmingpools, Gartenteiche, Regentonnen u.\u00e4. durch Leitern, Deckel oder sonstige Abdeckungen sichern. Auch kleine Wildtiere werden dadurch gesch\u00fctzt.<\/li>\n<\/ul>\n   \n<h3 class=\"wp-block-heading\">Wohnungskatze<\/h3>\n \n<ul>\n \t<li><strong>Ersticken: <\/strong>Katzen sind von Natur aus neugierig, alles muss untersucht werden. Bitte keinen Plastiksack liegen lassen, es droht der Erstickungstod. Bei einem Papiersack zum Spielen unbedingt vorab die Henkel abtrennen. Auch gef\u00e4hrliche Kleinteile immer katzensicher verr\u00e4umen: B\u00fcromaterial (Gummiringe, B\u00fcroklammern, Reissn\u00e4gel), N\u00e4hzubeh\u00f6r (Nadeln, Kn\u00f6pfe), Befestigungsmaterial (N\u00e4gel, Schrauben, D\u00fcbel).<\/li>\n \t<li><strong>Einklemmen<\/strong>: Kippfenster sind die bekanntesten Todesfallen f\u00fcr Katzen! Es ist gut gemeint, einer Wohnungskatze Frischluft zu g\u00f6nnen. Sichern Sie am besten jedes Kippfenster mit einem Kippschutz\/Fenstereinsatz. Lassen Sie kein Fenster gekippt, wenn Sie ausser Haus sind. Klettert Ihre Katze in den Spalt, wird sie sich aus eigener Kraft nicht mehr befreien k\u00f6nnen. Sie rutscht immer tiefer, ihre Organe werden gequetscht und sie erleidet einen qualvollen Tod.<\/li>\n \t<li><strong>Abst\u00fcrzen<\/strong>: St\u00fcrze von Balkonen sind h\u00e4ufiger als Sie denken. Auch das ruhigste B\u00fcsi &#8222;vergisst sich mal&#8220;, wenn es einen Schmetterling sieht oder sich erschrickt. Ein Fehltritt und es ist passiert. Solche St\u00fcrze f\u00fchren oft zu schweren Knochenbr\u00fcchen und\/oder t\u00f6dlichen inneren Verletzungen. G\u00f6nnen Sie Ihrem B\u00fcsi (und sich) eine Balkonsicherung mittels professionell angebrachtem Netz. Bitte nicht vergessen: Katzennetze sind bei Mietwohnungen bewilligungspflichtig. Die Freiluftsaison wird viel entspannter und sicherer f\u00fcr Sie beide sein.<\/li>\n \t<li><strong>Ertrinken:<\/strong> Auch im &#8222;sicheren&#8220; Zuhause gibt es die Gefahr des Ertrinkens. Bitte immer den WC-Deckel schliessen, beim Bef\u00fcllen der Badewanne die Badzimmert\u00fcre schliessen, vor Bef\u00fcllen von Waschmaschine und Geschirrwaschmaschine pr\u00fcfen, ob es sich nicht Ihr B\u00fcsi gerade hier gem\u00fctlich gemacht hat.<\/li>\n \t<li><strong>Verbrennen:<\/strong> Nicht nur zur Weihnachtszeit ist mit heissen &#8222;Objekten&#8220; Vorsicht geboten: Kerzen bitte immer nur unter Aufsicht abbrennen (auch nicht f\u00fcr wenige Minuten den Raum verlassen, nur kurz etwas holen und schon hat die Katze evt. mit der Flamme &#8222;schlechte&#8220; Erfahrung gemacht!), den Herd mittels Kindersicherung gegen Einschalten durch die Katze sichern, ausgeschaltete, aber noch heisse Herdplatten mit einer Pfanne kaltem Wasser &#8222;blockieren&#8220;, beim Kochen den Herd nie unbeaufsichtigt lassen. Und nicht zu vergessen: den Tumbler vor Bef\u00fcllen pr\u00fcfen, ob nicht das B\u00fcsi es sich darin bequem gemacht hat.<\/li>\n \t<li><strong>Vergiften: <\/strong>Katzen lieben Pflanzen, man kann sie so sch\u00f6n anknabbern und sie wehren sich nicht. Oh doch, die giftigen wehren sich. Von \u00dcbelkeit \u00fcber Kr\u00e4mpfe bis zum Tod ist alles m\u00f6glich. Bitte stellen Sie m\u00f6glichst nur ungiftige Pflanzen auf. Oder die giftigen nur ausser Reichweite Ihrer Katze. Aber immer dran denken: Katzen sind erfinderisch, wenn es darum geht, ein begehrtes Objekt zu erreichen: giftige Pflanzen wirklich AUSSER Reichweite! Auch Putzmittel, Haushaltsreiniger, Desinfektionsmittel, Medikamente, Klebstoffe, Farben, Lacke unbedingt unerreichbar f\u00fcr die Katze aufbewahren, am Besten verschlossen in einem Schaft.<\/li>\n \t<li><strong>Stromschlag: <\/strong> Kabel verleiten zum Nagen. Alle Kabel daher bitte unerreichbar f\u00fcr Ihre Katze verlegen: unter dem Teppich, aufgerollt hinter dem Schrank, im Kabelkanal versteckt.<\/li>\n<\/ul>\n   \n<h3 class=\"wp-block-heading\">Allgemein<\/h3>\n \n<ul>\n \t<li><strong>Chippen:<\/strong> Lassen Sie Ihre Katze chippen und registrieren, auch Ihre Wohnungskatze. Wenn sie, aus welchen Gr\u00fcnden auch immer, verloren geht, besteht so eine reelle Chance f\u00fcr sie, wieder nach Hause gebracht zu werden. Ihr Tierarzt setzt den reisgrossen Mikrochip. Das tut Ihrer Katze nicht mehr weh als eine Impfung. Er \u00fcbernimmt auch gern auf Ihren Wunsch die Registrierung bei ANIS, der Datenbank zur Registrierung s\u00e4mtlicher Heimtiere ausser Hunden. Wichtig ist diese Registrierung: ohne Registrierung ist Ihre Katze zwar gekennzeichnet, hinter dieser Kennzeichnung steht jedoch keine Name und keine Adresse. Erst durch die Registrieung ist Ihre Katze Ihnen zugeordnet!<\/li>\n \t<li><strong>Halsband: <\/strong> Ein Halsband muss unbedingt dehnbar sein und sich bei Gefahr wie z.B. H\u00e4ngenbleiben im Geb\u00fcsch von selbst \u00f6ffnen. Geeignete Halsb\u00e4nder sind im Zoofachhandel erh\u00e4ltlich.<\/li>\n \t<li><strong>beim Verlassen der Wohnung:<\/strong> Auch wenn Sie nur kurz Ihre Katze allein lassen, bitte unbedingt pr\u00fcfen:\n<ul>\n \t<li>Herdplatten aus?<\/li>\n \t<li>Kerzen gel\u00f6scht?<\/li>\n \t<li>Fenster geschlossen (nicht gekippt!)?<\/li>\n \t<li>Schr\u00e4nke geschlossen?<\/li>\n<\/ul>\n<\/li>\n<\/ul>\n \n\nWie heisst es immer: das Leben ist lebensgef\u00e4hrlich. Wenn Sie aber dies alles beherzigen, ist schon sehr viel getan f\u00fcr Ihr B\u00fcsi und Sie k\u00f6nnen beruhigt dass Zusammensein mit Ihrem neuen Mitbewohner geniessen.\n\n","protected":false},"excerpt":{"rendered":"<p>Jetzt ist ein B\u00fcsi bei Ihnen eingezogen und Sie wollen nat\u00fcrlich nur das Beste f\u00fcr den neuen Mitbewohner. Insbesondere wollen<\/p>\n","protected":false},"author":2,"featured_media":0,"parent":0,"menu_order":0,"comment_status":"closed","ping_status":"closed","template":"","meta":[],"_links":{"self":[{"href":"https:\/\/www.katze-sucht-mensch.ch\/index.php?rest_route=\/wp\/v2\/pages\/1081"}],"collection":[{"href":"https:\/\/www.katze-sucht-mensch.ch\/index.php?rest_route=\/wp\/v2\/pages"}],"about":[{"href":"https:\/\/www.katze-sucht-mensch.ch\/index.php?rest_route=\/wp\/v2\/types\/page"}],"author":[{"embeddable":true,"href":"https:\/\/www.katze-sucht-mensch.ch\/index.php?rest_route=\/wp\/v2\/users\/2"}],"replies":[{"embeddable":true,"href":"https:\/\/www.katze-sucht-mensch.ch\/index.php?rest_route=%2Fwp%2Fv2%2Fcomments&post=1081"}],"version-history":[{"count":1,"href":"https:\/\/www.katze-sucht-mensch.ch\/index.php?rest_route=\/wp\/v2\/pages\/1081\/revisions"}],"predecessor-version":[{"id":1082,"href":"https:\/\/www.katze-sucht-mensch.ch\/index.php?rest_route=\/wp\/v2\/pages\/1081\/revisions\/1082"}],"wp:attachment":[{"href":"https:\/\/www.katze-sucht-mensch.ch\/index.php?rest_route=%2Fwp%2Fv2%2Fmedia&parent=1081"}],"curies":[{"name":"wp","href":"https:\/\/api.w.org\/{rel}","templated":true}]}}