{"id":1126,"date":"2022-05-17T11:58:25","date_gmt":"2022-05-17T11:58:25","guid":{"rendered":"http:\/\/www.katze-sucht-mensch.ch\/?page_id=1126"},"modified":"2022-05-17T11:58:25","modified_gmt":"2022-05-17T11:58:25","slug":"katze-entlaufen-was-tun","status":"publish","type":"page","link":"https:\/\/www.katze-sucht-mensch.ch\/?page_id=1126","title":{"rendered":"Katze entlaufen &#8211; was tun?"},"content":{"rendered":"<p>Es kann so schnell gehen: einmal nicht aufgepasst, T\u00fcr offen: Katze weg. Ein lauter Knall, ein Streit mit der neuen Nachbarskatze, Katze erschrickt und sucht das Weite. Was tun?<\/p>\n<p>Oberstes Gebot: Ruhe bewahren. Ist leichter gesagt als getan. Aber es nutzt nichts, wenn Sie kopflos und aufgeregt nach Ihrem B\u00fcsi suchen. Stellen Sie sich vor, Ihr B\u00fcsis hat sich erschreckt, kauert irgendwo \u00e4ngstlich und jetzt kommt sein Besitzer noch panischer und will es einfangen. Panik ist ansteckend. Also: Ruhe bewahren und systematisch vorgehen.<\/p>\n<p>\u00a0<\/p>\n<h1><a name=\"_Toc103680943\"><\/a>1\u00a0\u00a0\u00a0\u00a0\u00a0\u00a0\u00a0\u00a0 Selbst suchen<\/h1>\n<h2><a name=\"_Toc103680944\"><\/a>1.1\u00a0\u00a0\u00a0\u00a0\u00a0\u00a0\u00a0\u00a0 Suche in der Wohnung<\/h2>\n<p>Das ist gar nicht so abwegig. Bitte stellen Sie zuerst sicher, dass Ihr B\u00fcsi wirklich entlaufen ist. Wie oft, hat sich eine Katze &#8222;nur&#8220; in der Wohnung versteckt. Ein offenes Fenster bedeutet noch lange nicht, dass das B\u00fcsi durch dieses Fenster entlaufen ist! Vielleicht hat es sich nur in der Wohnung verkrochen und beobachtet Sie (hab ich selbst einmal mit meinem T\u00fc\u00fcfeli erlebt). Also: die Wohnung gr\u00fcndlich durchsuchen: alle Zimmer und alle Ecken, in, auf, hinter und unterm Schrank, hinter und unterm Sofa und Bett, im Garten unter den B\u00fcschen, im oder hinterm Gartenh\u00fcsli, \u2026<\/p>\n<h2><a name=\"_Toc103680945\"><\/a>1.2\u00a0\u00a0\u00a0\u00a0\u00a0\u00a0\u00a0\u00a0 Suche in der Umgebung<\/h2>\n<p>Mit der Lieblingsleckerli-Dose bewaffnet heisst es als n\u00e4chstes, die Umgebung abzusuchen. Eine \u00e4ngstliche Katze wird sich so schnell als m\u00f6glich verstecken, Hauptsache unsichtbar. Also erst einmal unter in der N\u00e4he geparkten Autos, unter B\u00fcschen und in H\u00e4usernischen nachschauen. Leise rufen und mit den Leckerlis anlocken. Bitte auch in Schuppen und offene Kellerfenster schauen. Bitten Sie z.B. Nachbarn, Keller und Schuppen f\u00fcr \u00bd Stunde offen zu halten, damit Ihre Katze die M\u00f6glichkeit hat herauszukommen. Und nicht den Blick in die B\u00e4ume vergessen, eine Katze, die sich nicht mehr vom Baum heruntertraut ist keine Seltenheit.<\/p>\n<h2><a name=\"_Toc103680946\"><\/a>1.3\u00a0\u00a0\u00a0\u00a0\u00a0\u00a0\u00a0\u00a0 Suche bei Nacht<\/h2>\n<p>In der D\u00e4mmerung und bei Nacht ist es still, auch eine \u00e4ngstliche Katze entspannt sich dann und wird mutiger, wenn sie von L\u00e4rm und den vielen fremden Menschen und Hunden verschont bleibt. Und das Wichtigste: Sie h\u00f6ren ihre Antwort auf Ihr Rufen eher. Also nochmals nachts mit der Leckerli-Dose die Umgebung absuchen. Auch eine Taschenlampe kann hilfreich sein: ihr Licht wird von den Katzenaugen reflektiert und kann Sie direkt zu ihrem Liebling f\u00fchren<\/p>\n<h2><a name=\"_Toc103680947\"><\/a>1.4\u00a0\u00a0\u00a0\u00a0\u00a0\u00a0\u00a0\u00a0 Suche nach dem Umzug<\/h2>\n<p>Oft zieht es Katzen nach einem Umzug zur\u00fcck an den alten Wohnort. Suchen Sie in solch einem Fall unbedingt den Weg zwischen neuem und altem Wohnort gr\u00fcndlich ab und informieren Sie Ihre fr\u00fcheren Nachbarn.<\/p>\n<h2><a name=\"_Toc103680948\"><\/a>1.5\u00a0\u00a0\u00a0\u00a0\u00a0\u00a0\u00a0\u00a0 Suche mit Partnertier<\/h2>\n<p>Hat Ihre Katze ein Lieblingsgsp\u00e4nli, k\u00f6nnen Sie auch versuchen, wenn das Gsp\u00e4nli es zul\u00e4sst, zusammen mit diesem (z.B. in einer Transportbox) auf die Suche zu gehen. Evt. reagiert der Ausreisser auf seinen Freund.\u00a0\u00a0\u00a0 \u00a0<\/p>\n<h2><a name=\"_Toc103680949\"><\/a>1.6\u00a0\u00a0\u00a0\u00a0\u00a0\u00a0\u00a0\u00a0 Heimw\u00e4rtsschleppe<\/h2>\n<p>Ist Ihr B\u00fcsi eine reine Wohnungskatze und direkt aus der Wohnung entwischt, macht es Sinn, ihm ganz in der N\u00e4he einen gesch\u00fctzten Platz einzurichten, z.B. sein K\u00f6rbchen mit seiner Decke (und seinem Geruch!) oder einem von Ihnen getragenen Kleidungsst\u00fcck. Eine reine Wohnungskatze wird im ersten Moment nicht weit laufen, sondern sich erst einmal verstecken und abwarten. Auch eine Spur der gebrauchten Katzenstreu kann ihr den Weg zur\u00fcck anzeigen. Bitte kein Futter auslegen, das w\u00fcrde fremde Katzen und andere Tiere anlocken, was damit enden kann, dass sich Ihre Katze gar nicht mehr in die N\u00e4he traut.<\/p>\n<p>F\u00fcr das Legen einer sog. Heimw\u00e4rtsschleppe ben\u00f6tigen Sie ein von Ihnen getragenes Kleidungs-st\u00fcck. Dies packen Sie in eine T\u00fcte und verschliessen diese fest, damit der Geruch erhalten bleibt. Danach erstellen Sie einen Plan f\u00fcr das Legen der Schleppe: zeichnen Sie eine Karte mit Ihrem Haus als Mittelpunkt, davon gehen dann Routen strahlenf\u00f6rmig weg. An den jeweiligen Enden dieser Routen beginnen sie dann, die Spur zu legen, indem Sie das Kleidungsst\u00fcck auspacken und an einem Seil hinter sich herziehen bis nach Hause. Bitte dabei auch B\u00e4nke und B\u00fcsche mit dem &#8222;Geruch&#8220; markieren.\u00a0Am Ende ist Ihr Haus sternf\u00f6rmig mit der Duft-Schleife markiert.\u00a0 Wenn Ihre Katze eine dieser Spuren aufnimmt, f\u00fchrt sie diese wieder zur\u00fcck.<\/p>\n<p>\u00a0<\/p>\n<h1><a name=\"_Toc103680950\"><\/a>2\u00a0\u00a0\u00a0\u00a0\u00a0\u00a0\u00a0\u00a0 Suchen lassen<\/h1>\n<h2><a name=\"_Toc103680951\"><\/a>2.1\u00a0\u00a0\u00a0\u00a0\u00a0\u00a0\u00a0\u00a0 STMZ<\/h2>\n<p>Melden Sie Ihre Katze unverz\u00fcglich bei STMZ (Schweizerische Tiermeldezentrale, www.stmz.ch) als vermisst. STMZ ist die gr\u00f6sste Schweizer Datenbank f\u00fcr vermisste und gefundene Tiere. Bitte unbedingt ein aktuelles Bild Ihrer Katze einf\u00fcgen, auf dem alle besonderen Merkmale erkennbar sind. Sie haben hier auch die M\u00f6glichkeit, ein Suchplakat auszudrucken. Der Service der STMZ ist im \u00dcbrigen kostenlos.<\/p>\n<h2><a name=\"_Toc103680952\"><\/a>2.2\u00a0\u00a0\u00a0\u00a0\u00a0\u00a0\u00a0\u00a0 Suchplakat<\/h2>\n<p>Erstellen Sie ein Suchplakat, entweder via STMZ oder ein eigenes. Bitte ein aktuelles Foto einf\u00fcgen, auf dem die besonderen Merkmale Ihrer Katze gut zu erkennen sind. Folgende Informationen helfen bei der Suche:<\/p>\n<ul>\n<li>Datum\/Uhrzeit des Verschwindens<\/li>\n<li>Telefonnummer des Halters<\/li>\n<li>Name der Katze\/Information, ob sie auf diesen h\u00f6rt<\/li>\n<li>Besondere Merkmale\/Verhaltensweisen<\/li>\n<li>Halsband\/Chip\/T\u00e4towierung<\/li>\n<\/ul>\n<p>Dieses Plakat verteilen Sie in der Umgebung\u00a0 und h\u00e4ngen es an geeigneten Stellen in der Nachbarschaft auf (z.B. Laternenmasten, B\u00e4ume). Bitte auch bei Tier\u00e4rzten, Tierheimen, Tierpensionen, der Stadt\/Gemeinde und Polizeistationen und Gesch\u00e4ften in der Umgebung anfragen, ob Sie die Suchmeldung dort ver\u00f6ffentlichen d\u00fcrfen. Dadurch vergr\u00f6ssert sich der Kreis der Suchenden automatisch. Sprechen Sie auch Nachbarn und Passanten an und fragen sie nach Ihrem Ausreisser.<\/p>\n<h2><a name=\"_Toc103680953\"><\/a>2.3\u00a0\u00a0\u00a0\u00a0\u00a0\u00a0\u00a0\u00a0 Internet<\/h2>\n<p>Teilen Sie Ihre Suchmeldung in sozialen Netzwerken, wie Facebook und Instagram, insbesondere auch in speziellen Gruppen, die vermisste Tiere ver\u00f6ffentlichen.<\/p>\n<p>Mit der <a href=\"https:\/\/www.identitas.ch\/produkte\/amici-app\">Amici App<\/a>\u00a0k\u00f6nnen Sie Meldungen zu verlorenen oder gefundenen Tieren via Smartphone erfassen. Optional k\u00f6nnen Sie das Tierprofil mit Fotos erg\u00e4nzen oder Ihre Anis-Daten verwalten.<br \/>Die App ist kostenlos im Apple App Store und Google Play Store erh\u00e4ltlich.<\/p>\n<p>\u00a0<\/p>\n<h1><a name=\"_Toc103680954\"><\/a>3\u00a0\u00a0\u00a0\u00a0\u00a0\u00a0\u00a0\u00a0 Katze gefunden<\/h1>\n<p>Gl\u00fcckwunsch, wenn Ihre Katze gefunden wurde und wieder bei Ihnen ist. Bitte denken Sie daran, s\u00e4mtliche Suchmeldungen zu l\u00f6schen, die Steckbriefe zu entfernen und Nachbarn usw. zu informieren.<\/p>\n<p>\u00a0<\/p>\n<h1><a name=\"_Toc103680955\"><\/a>4\u00a0\u00a0\u00a0\u00a0\u00a0\u00a0\u00a0\u00a0 Vorbeugen<\/h1>\n<p>Lassen Sie Ihre Katze unbedingt bei einem Tierarzt mit einem Transponder (Chip) kennzeichnen. Das ist eine einmalige Sache, schnell gemacht und nicht teuer. Anschlie\u00dfend muss die Chip-Nummer bei Anis (www.anis.ch), der Datenbank zur Registrierung von Heimtieren, registriert werden. Das \u00fcbernimmt Ihr Tierarzt gern f\u00fcr Sie. Wichtig: ohne Registrierung ist Ihr Tier zwar gekennzeichnet, kann Ihnen aber nicht zugeordnet werden!<\/p>\n<p>Findet jemand Ihre entlaufene Katze, kann mittels Leseger\u00e4t (bei Tierarzt, Tierheim, Tierschutzorga-nisation, Polizei) die Chip-Nummer ausgelesen und via Datenbank Ihnen zugeordnet werden. So k\u00f6nnen Sie als Halter identifiziert und informiert werden. Wichtig ist hier, dass Sie Ihre Kontaktdaten bei Anis aktuell halten. Insbesondere bei Umzug, sollten Sie die Daten pr\u00fcfen und aktualisieren.<\/p>\n<p>\u00a0<\/p>\n<p><strong>Und jetzt hoffen wir, dass Ihre Katze nie abhanden kommt und Sie diese Infos nie brauchen. Und wenn doch, haben Sie hier ein kleines Hilfsmittel f\u00fcr den Notfall!<\/strong><\/p>\n","protected":false},"excerpt":{"rendered":"<p>Es kann so schnell gehen: einmal nicht aufgepasst, T\u00fcr offen: Katze weg. Ein lauter Knall, ein Streit mit der neuen<\/p>\n","protected":false},"author":2,"featured_media":0,"parent":0,"menu_order":0,"comment_status":"closed","ping_status":"closed","template":"","meta":[],"_links":{"self":[{"href":"https:\/\/www.katze-sucht-mensch.ch\/index.php?rest_route=\/wp\/v2\/pages\/1126"}],"collection":[{"href":"https:\/\/www.katze-sucht-mensch.ch\/index.php?rest_route=\/wp\/v2\/pages"}],"about":[{"href":"https:\/\/www.katze-sucht-mensch.ch\/index.php?rest_route=\/wp\/v2\/types\/page"}],"author":[{"embeddable":true,"href":"https:\/\/www.katze-sucht-mensch.ch\/index.php?rest_route=\/wp\/v2\/users\/2"}],"replies":[{"embeddable":true,"href":"https:\/\/www.katze-sucht-mensch.ch\/index.php?rest_route=%2Fwp%2Fv2%2Fcomments&post=1126"}],"version-history":[{"count":1,"href":"https:\/\/www.katze-sucht-mensch.ch\/index.php?rest_route=\/wp\/v2\/pages\/1126\/revisions"}],"predecessor-version":[{"id":1127,"href":"https:\/\/www.katze-sucht-mensch.ch\/index.php?rest_route=\/wp\/v2\/pages\/1126\/revisions\/1127"}],"wp:attachment":[{"href":"https:\/\/www.katze-sucht-mensch.ch\/index.php?rest_route=%2Fwp%2Fv2%2Fmedia&parent=1126"}],"curies":[{"name":"wp","href":"https:\/\/api.w.org\/{rel}","templated":true}]}}