{"id":17,"date":"2019-12-20T13:00:28","date_gmt":"2019-12-20T13:00:28","guid":{"rendered":"http:\/\/www.katze-sucht-mensch.ch\/?page_id=17"},"modified":"2026-04-07T15:54:56","modified_gmt":"2026-04-07T15:54:56","slug":"kontakt","status":"publish","type":"page","link":"https:\/\/www.katze-sucht-mensch.ch\/?page_id=17","title":{"rendered":"Kontakt"},"content":{"rendered":"\n<div class=\"wp-block-group is-layout-flow\"><div class=\"wp-block-group__inner-container\">\n<p><img decoding=\"async\" loading=\"lazy\" class=\"size-medium wp-image-50 alignright\" src=\"https:\/\/www.katze-sucht-mensch.ch\/wp-content\/uploads\/2019\/12\/Lucky-225x300.jpg\" alt=\"\" width=\"225\" height=\"300\" srcset=\"https:\/\/www.katze-sucht-mensch.ch\/wp-content\/uploads\/2019\/12\/Lucky-225x300.jpg 225w, https:\/\/www.katze-sucht-mensch.ch\/wp-content\/uploads\/2019\/12\/Lucky-rotated.jpg 240w\" sizes=\"(max-width: 225px) 100vw, 225px\" \/><\/p>\n<p>Sonja Ball \u00a0 \u00a0 \u00a0 \u00a0 \u00a0 \u00a0 \u00a0 \u00a0 B\u00fcrglenweg 2, 3123 Belp<\/p>\n<p>Telefon \u00a0 \u00a0 \u00a0 \u00a0 \u00a0 \u00a0 \u00a0 \u00a0 \u00a0 \u00a0 +41 79 333 45 62<strong> (werktags \/ Mo-Fr 18-20h<\/strong><strong>)<\/strong><\/p>\n<p>eMail:\u00a0 \u00a0 \u00a0 \u00a0 \u00a0 \u00a0 \u00a0 \u00a0 \u00a0 \u00a0 \u00a0 \u00a0 kontakt@katze-sucht-mensch.ch<\/p>\n<p>\u00a0<\/p>\n<p><strong>Wichtige Hinweise:<\/strong><\/p>\n<p style=\"text-align: left;\"><strong>Telefonzeiten:<\/strong> Ich m\u00f6chte Sie ausdr\u00fccklich bitten, <strong>die angegebenen Telefonzeiten zu respektieren.<\/strong> Ich bin Vollzeit berufst\u00e4tig, habe selbst (pflegebed\u00fcrftige) Samtpfoten, einen Haushalt und ein Privatleben. Ich hab inzwischen tags\u00fcber zwischen 10 und 20 Anrufe, die einen R\u00fcckruf von mir fordern. Und entsprechend ungehalten reagieren, wenn ich dem nicht nachkommen kann. Von den Anrufen zu nachtschlafender Zeit ganz abgesehen &#8230;<\/p>\n<p>Ab sofort kann und werde ich Anrufe, die ausserhalb dieses Zeitfensters eingehen, nicht mehr ber\u00fccksichtigen und nicht mehr beantworten. Ich m\u00f6chte Pl\u00e4tze f\u00fcr Katzen suchen und finden und nicht Telefonistin spielen!<\/p>\n<p>\u00a0 \u00a0 \u00a0 \u00a0 \u00a0 \u00a0 Wenn Sie daher ernsthaft Interesse haben, respektieren Sie doch bitte das o.g. Zeitfenster.<br \/><strong>\u00a0 \u00a0 \u00a0 \u00a0 \u00a0 \u00a0 \u00a0 \u00a0 \u00a0 \u00a0 \u00a0 \u00a0 \u00a0 \u00a0 \u00a0 \u00a0 \u00a0 \u00a0 \u00a0 \u00a0 \u00a0 \u00a0 \u00a0 \u00a0 \u00a0 \u00a0 \u00a0 \u00a0 \u00a0 \u00a0 \u00a0 MERCI F\u00dcR DAS VERST\u00c4NDNIS !<\/strong><\/p>\n<p>\u00a0<\/p>\n<p><strong>Sprachnachrichten:<\/strong> Ich bin auch via WhatsApp erreichbar, werde aber in letzter Zeit leider t\u00e4glich mit bis zu 10 (!) langen Sprachnachrichten \u00fcberh\u00e4uft. Rein das Anh\u00f6ren erfordert bereits mehr als 1h t\u00e4glich, was zu Lasten der eigentlichen Vermittlungsarbeit geht. <strong>Aus diesem Grund werden Sprachnachrichten ab sofort ungeh\u00f6rt GEL\u00d6SCHT!<\/strong> Bitte melden Sie sich mit Ihrem Anliegen telefonisch w\u00e4hrend der angegebenen Telefonzeiten, so dass wir das direkt besprechen k\u00f6nnen. Oder per Mail, so dass ich das in einer ruhigen Minute beantworten kann.<\/p>\n<p>\u00a0<\/p>\n<p>Ich freue mich \u00fcber jedes Feedback. Lassen Sie mich wissen, was Ihnen an dieser Homepage und der Idee dahinter gef\u00e4llt, was Sie vermissen oder wor\u00fcber Sie gern mehr erfahren w\u00fcrden.<\/p>\n<p>\u00a0<\/p>\n<\/div><\/div>\n\n\n\n<p><\/p>\n","protected":false},"excerpt":{"rendered":"<p>Sonja Ball \u00a0 \u00a0 \u00a0 \u00a0 \u00a0 \u00a0 \u00a0 \u00a0 B\u00fcrglenweg 2, 3123 Belp Telefon \u00a0 \u00a0 \u00a0 \u00a0 \u00a0<\/p>\n","protected":false},"author":1,"featured_media":0,"parent":0,"menu_order":0,"comment_status":"closed","ping_status":"closed","template":"","meta":[],"_links":{"self":[{"href":"https:\/\/www.katze-sucht-mensch.ch\/index.php?rest_route=\/wp\/v2\/pages\/17"}],"collection":[{"href":"https:\/\/www.katze-sucht-mensch.ch\/index.php?rest_route=\/wp\/v2\/pages"}],"about":[{"href":"https:\/\/www.katze-sucht-mensch.ch\/index.php?rest_route=\/wp\/v2\/types\/page"}],"author":[{"embeddable":true,"href":"https:\/\/www.katze-sucht-mensch.ch\/index.php?rest_route=\/wp\/v2\/users\/1"}],"replies":[{"embeddable":true,"href":"https:\/\/www.katze-sucht-mensch.ch\/index.php?rest_route=%2Fwp%2Fv2%2Fcomments&post=17"}],"version-history":[{"count":40,"href":"https:\/\/www.katze-sucht-mensch.ch\/index.php?rest_route=\/wp\/v2\/pages\/17\/revisions"}],"predecessor-version":[{"id":5087,"href":"https:\/\/www.katze-sucht-mensch.ch\/index.php?rest_route=\/wp\/v2\/pages\/17\/revisions\/5087"}],"wp:attachment":[{"href":"https:\/\/www.katze-sucht-mensch.ch\/index.php?rest_route=%2Fwp%2Fv2%2Fmedia&parent=17"}],"curies":[{"name":"wp","href":"https:\/\/api.w.org\/{rel}","templated":true}]}}