{"id":276,"date":"2020-01-04T15:29:10","date_gmt":"2020-01-04T15:29:10","guid":{"rendered":"http:\/\/www.katze-sucht-mensch.ch\/?page_id=276"},"modified":"2021-11-24T14:12:54","modified_gmt":"2021-11-24T14:12:54","slug":"umzug-mit-katze","status":"publish","type":"page","link":"https:\/\/www.katze-sucht-mensch.ch\/?page_id=276","title":{"rendered":"Z\u00fcgeln mit Katze"},"content":{"rendered":"<p>Davon kann ich ein Lied singen. Bin ich doch 2002 von Deutschland in die Schweiz, und im Okt. 2019 innerhalb der Schweiz von G\u00fcmligen nach Belp gez\u00fcgelt. Das erste mal mit 2 Katzen, das zweite Mal mit derer vier. Was hab ich mir Gedanken gemacht, wie ich das mit 4 samtpf\u00f6tigen Mitbewohnern am stressfreiesten bewerkstelligen k\u00f6nnte. Und wie glatt ist dann pl\u00f6tzlich alles \u00fcber die B\u00fchne gegangen. Hier einige Tipps, die sich sehr bew\u00e4hrt haben:<\/p>\n<p><\/p>\n<ul>\n<li><strong>vor dem Umzug<img decoding=\"async\" loading=\"lazy\" class=\"size-medium wp-image-757 alignright\" src=\"https:\/\/www.katze-sucht-mensch.ch\/wp-content\/uploads\/2021\/11\/Umzug-e1637752591300-225x300.jpg\" alt=\"\" width=\"225\" height=\"300\" srcset=\"https:\/\/www.katze-sucht-mensch.ch\/wp-content\/uploads\/2021\/11\/Umzug-e1637752591300-225x300.jpg 225w, https:\/\/www.katze-sucht-mensch.ch\/wp-content\/uploads\/2021\/11\/Umzug-e1637752591300.jpg 240w\" sizes=\"(max-width: 225px) 100vw, 225px\" \/><\/strong><\/li>\n<\/ul>\n<p>Rechtzeitige Planung und Vorbereitung sind das A und O. So l\u00e4sst sich zus\u00e4tzlicher Stress auf Menschen- und Katzenseite vermeiden. Wichtig ist, dass in dieser Zeit die Schmuse- und Spieleinheiten mit dem samtpf\u00f6tigen Mitbewohner nicht zu kurz kommen. Er hat ja l\u00e4ngst gemerkt, dass &#8222;was im Busch ist&#8220;.<\/p>\n<p>Die Katzeneinrichtung will dann auch gut geplant sein: am besten \u00e4hnlich wie im alten Zuhause. War die Futterstelle bislang in der K\u00fcche, sollte sie auch zuk\u00fcnftig in der K\u00fcche sein. Das Gleiche gilt f\u00fcr das Kistli. Und noch was: bitte keinen neuen Kratzbaum, auch wenn einer so stylisch ist und sooo toll in die neue Wohnung passen w\u00fcrde. Der alte vermittelt Heimatgef\u00fchle, egal wie zerkratzt er ist. Je \u00e4lter desto besser, ihn kennt die Katze, bei ihm f\u00fchlt sie sich wohl.<\/p>\n<p>Diese aufregende Zeiten lassen sich Katzen \u00fcbrigens besser verarbeiten, wenn alte und neue Wohnung mit einem Pheromonstecker ausgestattet sind. Pheromone beruhigen und reduzieren stressbedingte Verhaltensweisen bei Katzen. Sie sind als Spray oder Verdampfer unter verschiedenen Namen im Fachhandel erh\u00e4ltlich.<\/p>\n<p>Sinnvoll ist es, die Katze, wenn nicht sowieso schon geschehen, chippen zu lassen. Dies gilt auch f\u00fcr Wohnungskatzen ohne Freigang. F\u00fcr alle F\u00e4lle \u2026 einmal ein offenes Fenster vergessen und schon ist es passiert. Und noch wichtiger als Chippen: REGISTRIEREN! Ein Chip kann nur nachverfolgt werden, wenn er auch auf den Halter registriert ist. Ihr Tierarzt macht das gern f\u00fcr sie, sprechen Sie ihn darauf an.<\/p>\n<p><\/p>\n<ul>\n<li style=\"text-align: left;\"><strong>am Umzugstag&nbsp; &nbsp;<img decoding=\"async\" loading=\"lazy\" class=\"size-medium wp-image-755 alignright\" src=\"https:\/\/www.katze-sucht-mensch.ch\/wp-content\/uploads\/2021\/11\/Umzug-3-e1637752621180-225x300.jpg\" alt=\"\" width=\"225\" height=\"300\" srcset=\"https:\/\/www.katze-sucht-mensch.ch\/wp-content\/uploads\/2021\/11\/Umzug-3-e1637752621180-225x300.jpg 225w, https:\/\/www.katze-sucht-mensch.ch\/wp-content\/uploads\/2021\/11\/Umzug-3-e1637752621180.jpg 240w\" sizes=\"(max-width: 225px) 100vw, 225px\" \/><\/strong><\/li>\n<\/ul>\n<p>Das ist die heisse Phase, die keine Katze gerne mitmacht. Ideal w\u00e4re es, sie f\u00fcr den Umzugstag in &#8222;Ferien&#8220; zu schicken, zu einer vertrauten Person, wo sie vielleicht schon einmal Ferien gemacht hat.<\/p>\n<p>Ist dies nicht m\u00f6glich, f\u00fchlt sie sich in einem abgeschlossenen (!) Raum mit ihren Sachen (Futter-, Wassernapf, Kistli, K\u00f6rbli, Deckli, Spielzeug) noch am sichersten. Sie verl\u00e4sst die Wohnung als letzte, sicher in ihrer Transportbox. Und sie kommt als erste in der neuen Wohnung an. Wieder separiert in einem abgeschlossenen Raum mit ihren gewohnten Siebensachen. Die Wohnung darf sie erst inspizieren, wenn alle Umzugshelfer wieder weg sind und alle Fenster geschlossen sind!<\/p>\n<p><\/p>\n<ul>\n<li><strong>the day after <img decoding=\"async\" loading=\"lazy\" class=\"size-medium wp-image-756 alignright\" src=\"https:\/\/www.katze-sucht-mensch.ch\/wp-content\/uploads\/2021\/11\/Umzug-4-e1637752597366-225x300.jpg\" alt=\"\" width=\"225\" height=\"300\" srcset=\"https:\/\/www.katze-sucht-mensch.ch\/wp-content\/uploads\/2021\/11\/Umzug-4-e1637752597366-225x300.jpg 225w, https:\/\/www.katze-sucht-mensch.ch\/wp-content\/uploads\/2021\/11\/Umzug-4-e1637752597366.jpg 240w\" sizes=\"(max-width: 225px) 100vw, 225px\" \/><\/strong><\/li>\n<\/ul>\n<p>Jetzt gilt es f\u00fcr die Katze, die Wohnung in Besitz zunehmen und sich die besten Pl\u00e4tze zu reservieren. Hilfreich ist auch hier, wenn sie die altbekannten M\u00f6bel und Einrichtungsgegenst\u00e4nde mit dem bekannten Geruch wieder vorfindet. Deswegen bitte auf eine neue M\u00f6blierung im Anfangsstadium verzichten. Auch wenn das neue Designersofa noch so gut in die neue Wohnung hineinpassen w\u00fcrde, die Katze lebt sich mit dem alten Geruch viel leichter ein. Und das Designersofa passt auch noch in einem Jahr in die neue Wohnung, ganz bestimmt.<\/p>\n<p><\/p>\n<ul>\n<li><strong>gl\u00fccklich im neuen Zuhause&nbsp; <img decoding=\"async\" loading=\"lazy\" class=\"size-medium wp-image-789 alignright\" src=\"https:\/\/www.katze-sucht-mensch.ch\/wp-content\/uploads\/2021\/11\/alle-300x225.jpg\" alt=\"\" width=\"300\" height=\"225\" srcset=\"https:\/\/www.katze-sucht-mensch.ch\/wp-content\/uploads\/2021\/11\/alle-300x225.jpg 300w, https:\/\/www.katze-sucht-mensch.ch\/wp-content\/uploads\/2021\/11\/alle.jpg 320w\" sizes=\"(max-width: 300px) 100vw, 300px\" \/><\/strong><\/li>\n<\/ul>\n<p>Das Auspacken und Einrichten nimmt einige Tage in Anspruch und bedeutet weiterhin Unruhe und Unsicherheit f\u00fcr den samtpf\u00f6tigen Mitbewohner. Von daher ist es ratsam, ihm einen ruhigen R\u00fcckzugsort einzurichten, vielleicht sein &#8222;Wartezimmer&#8220; vom Umzugstag? Hier f\u00fchlt er sich sicher und kann der Hektik entfliehen.<\/p>\n<p>Und bitte keine neuen Regeln einf\u00fchren: durfte die Katze bislang abends mit ins Schlafzimmer, sollte sie das in der neuen Wohnung auch d\u00fcrfen. Waren bislang alle Zimmert\u00fcren offen, sollte dies auch in der neuen Wohnung so sein. Ziel ist es, ihr zu zeigen, dass die neue Wohnung genauso ist wie die alte.<\/p>\n<p>Nur eine bisherige Regel muss leider gebrochen werden: Freigang ist erst mal gestrichen! Erst wenn sich die Katze heimisch f\u00fchlt und die neue Wohnung als ihr neues Zuhause angenommen hat, darf sie nach draussen. Dieses &#8222;Eingesperrtsein&#8220; wird sie je nach Charakter mehr oder weniger belasten. Und sie kann ihren Unmut mit Unsauberkeit oder Aggression zeigen. Eine Zwischenl\u00f6sung w\u00e4re z.B. ein gesicherter Balkon. Auch viel Besch\u00e4ftigung und Spieleeinheiten k\u00f6nnen sie ablenken. Warum nicht genau in dieser Zeit mit Clickern beginnen? Mit &#8222;H\u00e4rtef\u00e4llen&#8220; kann auch versucht werden, sie an die Leine zu gew\u00f6hnen und ihr so etwas (gesicherten) Freigang zu gew\u00e4hren. Eine Wartezeit von 4-6 Wochen wird grunds\u00e4tzlich empfohlen, je sp\u00e4ter sie nach draussen kommt, desto besser. Aber irgendwann ist es dann soweit, der erste Freigang steht an. Ideal ist es, den ersten Freigang in Begleitung vor einer F\u00fctterung zu gew\u00e4hren. So ist am ehesten sichergestellt, dass es sie wieder nach Hause zieht. Hunger ist immer ein gutes Argument!<\/p>\n<p><\/p>\n\n\n<p><\/p>\n","protected":false},"excerpt":{"rendered":"<p>Davon kann ich ein Lied singen. Bin ich doch 2002 von Deutschland in die Schweiz, und im Okt. 2019 innerhalb<\/p>\n","protected":false},"author":2,"featured_media":0,"parent":0,"menu_order":0,"comment_status":"closed","ping_status":"closed","template":"","meta":[],"_links":{"self":[{"href":"https:\/\/www.katze-sucht-mensch.ch\/index.php?rest_route=\/wp\/v2\/pages\/276"}],"collection":[{"href":"https:\/\/www.katze-sucht-mensch.ch\/index.php?rest_route=\/wp\/v2\/pages"}],"about":[{"href":"https:\/\/www.katze-sucht-mensch.ch\/index.php?rest_route=\/wp\/v2\/types\/page"}],"author":[{"embeddable":true,"href":"https:\/\/www.katze-sucht-mensch.ch\/index.php?rest_route=\/wp\/v2\/users\/2"}],"replies":[{"embeddable":true,"href":"https:\/\/www.katze-sucht-mensch.ch\/index.php?rest_route=%2Fwp%2Fv2%2Fcomments&post=276"}],"version-history":[{"count":6,"href":"https:\/\/www.katze-sucht-mensch.ch\/index.php?rest_route=\/wp\/v2\/pages\/276\/revisions"}],"predecessor-version":[{"id":791,"href":"https:\/\/www.katze-sucht-mensch.ch\/index.php?rest_route=\/wp\/v2\/pages\/276\/revisions\/791"}],"wp:attachment":[{"href":"https:\/\/www.katze-sucht-mensch.ch\/index.php?rest_route=%2Fwp%2Fv2%2Fmedia&parent=276"}],"curies":[{"name":"wp","href":"https:\/\/api.w.org\/{rel}","templated":true}]}}