{"id":304,"date":"2020-01-17T13:45:35","date_gmt":"2020-01-17T13:45:35","guid":{"rendered":"http:\/\/www.katze-sucht-mensch.ch\/?page_id=304"},"modified":"2025-11-19T09:27:56","modified_gmt":"2025-11-19T09:27:56","slug":"herzlich-willkommen","status":"publish","type":"page","link":"https:\/\/www.katze-sucht-mensch.ch\/","title":{"rendered":"Herzlich Willkommen"},"content":{"rendered":"\n<p><\/p>\n\n\n\n<p><\/p>\n\n\n\n<p>Liebe Katzenfreunde<\/p>\n\n\n\n<p>Mit dieser Seite m\u00f6chte ich haupts\u00e4chlich Privatpersonen (in Einzelf\u00e4llen auch Tierschutzorganisationen) dabei unterst\u00fctzen, f\u00fcr ihre Notfall-Katzen ein neues Zuhause zu finden. Die vorgestellten Tiere sind aus den verschiedensten Gr\u00fcnden auf der Suche nach einem neuen Daheim: \u00c4nderung der Lebensumst\u00e4nde der bisherigen Besitzer (Umzug, Krankheit, Eintritt ins Pflegeheim, Todesfall), unerw\u00fcnschte Verhaltensmerkmale der Katze, Probleme mit den Nachbarn, Unvertr\u00e4glichkeit mit anderen im Haushalt lebenden Tieren o.\u00e4. Leider auch mal, weil der Besitzer der Katze \u00fcberdr\u00fcssig wurde. Oft ist Eile geboten und die Besitzer wissen sich nicht mehr zu helfen.<\/p>\n\n\n\n<p>Sie haben grunds\u00e4tzlich die M\u00f6glichkeit, Ihre dringendsten Notf\u00e4lle auf dieser Seite vorzustellen. Die Tiere werden dann unter der Rubrik &#8222;Katze sucht Mensch&#8220; ver\u00f6ffentlicht. Parallel dazu hab ich die M\u00f6glichkeit, via Aushang bei Tier\u00e4rzten, Tierkliniken u.\u00e4. nach einem neuen Zuhause zu suchen. Bitte beachten Sie aber, dass ich keine Pflegestelle unterhalte und somit keine Katzen (auch nicht vor\u00fcbergehend) aufnehmen kann. Bitte melden Sie sich daher so fr\u00fch als m\u00f6glich, wenn Sie eine Katze abgeben m\u00fcssen. Nur so k\u00f6nnen wir gemeinsam nach einem neuen, passenden Pl\u00e4tzli suchen. In wenigen Ausnahmef\u00e4llen und bei freien Kapazit\u00e4ten kann evt. eine Zwischenplatzierung auf einer Pflegestelle eines befreundeten Tierschutzvereins erfolgen.<\/p>\n\n\n\n<p>Ich helfe Ihnen andererseits auch gern bei der Suche nach einem neuen, samtpf\u00f6tigen Mitbewohner. Bitte lassen Sie es mich wissen, wenn Sie ein Pl\u00e4tzli frei haben und einer Katze ein endg\u00fcltiges Zuhause geben m\u00f6chten. Auch wenn grad kein passender Kandidat auf der Homepage vorgestellt ist. Wer weiss \u2026 manchmal geht es ganz schnell und ein neues Not-Fellchen w\u00e4r wom\u00f6glich genau das Richtige f\u00fcr Sie!<\/p>\n\n\n\n<p>Ich betreibe ausschliesslich diese Internetseite und setze mich ehrenamtlich f\u00fcr den Tierschutz ein. Gern k\u00f6nnen Sie meine Arbeit daher auch mit Geldspenden unterst\u00fctzen. Unter &#8222;Links&#8220; finden Sie Tierschutzorganisationen, mit denen ich eng zusammenarbeite und die sich sehr \u00fcber einen finanziellen Zustupf freuen w\u00fcrden.<\/p>\n\n\n\n<p>Ich w\u00fcnsche Ihnen nun viel Spass beim Durchst\u00f6bern meiner Seite und den vorgestellten Not-Fellen, auf dass sie baldm\u00f6glichst ihr neues endg\u00fcltiges Zuhause finden. Vielleicht kann auch ein Tier Ihr Herz erobern?<\/p>\n\n\n\n<p>Herzlichst Ihre<\/p>\n\n\n\n<p>Sonja Ball<\/p>\n","protected":false},"excerpt":{"rendered":"<p>Liebe Katzenfreunde Mit dieser Seite m\u00f6chte ich haupts\u00e4chlich Privatpersonen (in Einzelf\u00e4llen auch Tierschutzorganisationen) dabei unterst\u00fctzen, f\u00fcr ihre Notfall-Katzen ein neues<\/p>\n","protected":false},"author":1,"featured_media":0,"parent":0,"menu_order":0,"comment_status":"closed","ping_status":"closed","template":"","meta":[],"_links":{"self":[{"href":"https:\/\/www.katze-sucht-mensch.ch\/index.php?rest_route=\/wp\/v2\/pages\/304"}],"collection":[{"href":"https:\/\/www.katze-sucht-mensch.ch\/index.php?rest_route=\/wp\/v2\/pages"}],"about":[{"href":"https:\/\/www.katze-sucht-mensch.ch\/index.php?rest_route=\/wp\/v2\/types\/page"}],"author":[{"embeddable":true,"href":"https:\/\/www.katze-sucht-mensch.ch\/index.php?rest_route=\/wp\/v2\/users\/1"}],"replies":[{"embeddable":true,"href":"https:\/\/www.katze-sucht-mensch.ch\/index.php?rest_route=%2Fwp%2Fv2%2Fcomments&post=304"}],"version-history":[{"count":10,"href":"https:\/\/www.katze-sucht-mensch.ch\/index.php?rest_route=\/wp\/v2\/pages\/304\/revisions"}],"predecessor-version":[{"id":4757,"href":"https:\/\/www.katze-sucht-mensch.ch\/index.php?rest_route=\/wp\/v2\/pages\/304\/revisions\/4757"}],"wp:attachment":[{"href":"https:\/\/www.katze-sucht-mensch.ch\/index.php?rest_route=%2Fwp%2Fv2%2Fmedia&parent=304"}],"curies":[{"name":"wp","href":"https:\/\/api.w.org\/{rel}","templated":true}]}}