{"id":5,"date":"2019-12-20T12:58:42","date_gmt":"2019-12-20T12:58:42","guid":{"rendered":"http:\/\/www.katze-sucht-mensch.ch\/?page_id=5"},"modified":"2026-04-25T12:28:55","modified_gmt":"2026-04-25T12:28:55","slug":"ueber-mich","status":"publish","type":"page","link":"https:\/\/www.katze-sucht-mensch.ch\/?page_id=5","title":{"rendered":"\u00dcber mich"},"content":{"rendered":"\n<p><strong>Wer bin ich eigentlich? <\/strong><\/p>\n\n\n\n<figure class=\"wp-block-image size-full\"><img decoding=\"async\" loading=\"lazy\" width=\"289\" height=\"289\" src=\"https:\/\/www.katze-sucht-mensch.ch\/wp-content\/uploads\/2023\/12\/image.png\" alt=\"\" class=\"wp-image-2390\" srcset=\"https:\/\/www.katze-sucht-mensch.ch\/wp-content\/uploads\/2023\/12\/image.png 289w, https:\/\/www.katze-sucht-mensch.ch\/wp-content\/uploads\/2023\/12\/image-150x150.png 150w\" sizes=\"(max-width: 289px) 100vw, 289px\" \/><\/figure>\n\n\n<p><span style=\"display: inline !important; float: none; background-color: #ffffff; color: #353535; font-family: 'Open Sans',Tahoma,Arial; font-size: 1rem; font-style: normal; font-variant: normal; font-weight: 400; letter-spacing: normal; line-height: 1.8; orphans: 2; text-align: left; text-decoration: none; text-indent: 0px; text-transform: none; -webkit-text-stroke-width: 0px; white-space: pre-wrap; word-spacing: 0px;\">Mein Name ist Sonja Ball, seit \u00fcber 30 Jahren wohnen bei mir Katzen. Fast alle meine Sch\u00fctzlinge waren oder sind Not-Felle: alt (ja und? wo ist das Problem?), schwarz (also angeblich \u201cungl\u00fcck-bringend\u201d, nur so nebenbei: wenn DAS \u201cUngl\u00fcck\u201d ist, was mir meine Schwarzen bringen, dann will ich noch viel mehr Schwarze aufnehmen!), krank (Diabetes, Akromegalie, IBD, CNE, Asthma, Epilepsie, Hyperthyreose, Arthrose, FORL, Tumor), behindert (taub, blind) oder angeblich unvermittelbar (WAS bitte ist &#8222;unvermittelbar&#8220;? Jedes ist vermittelbar, wenn das Pl\u00e4tzli passt!). Jedes einzelne von ihnen war und ist mir ans Herz gewachsen. Sie alle verdienen ein sch\u00f6nes Zuhause und sie danken es einem so sehr. <\/span><\/p>\n<p><span style=\"display: inline !important; float: none; background-color: #ffffff; color: #353535; font-family: 'Open Sans',Tahoma,Arial; font-size: 1rem; font-style: normal; font-variant: normal; font-weight: 400; letter-spacing: normal; line-height: 1.8; orphans: 2; text-align: left; text-decoration: none; text-indent: 0px; text-transform: none; -webkit-text-stroke-width: 0px; white-space: pre-wrap; word-spacing: 0px;\">Ich bin Vollzeit berufst\u00e4tig, mehr als 5 Jahre hab ich zudem in meiner Freizeit ehrenamtlich mehrmals w\u00f6chentlich auf einer privaten Katzenstation mitgearbeitet: Vereinsgr\u00fcndung, Vorstandsarbeit, Mitgliederverwaltung, Buchhaltung, Schriftwechsel, Einkauf, und vor allem Tierpflege (F\u00fcttern, Medikamentengabe, Fellpflege, Besch\u00e4ftigung, Spielen, Schm\u00fcsele und &#8230; Putzen, Putzen, Putzen). <\/span><\/p>\n<p><span style=\"display: inline !important; float: none; background-color: #ffffff; color: #353535; font-family: 'Open Sans',Tahoma,Arial; font-size: 1rem; font-style: normal; font-variant: normal; font-weight: 400; letter-spacing: normal; line-height: 1.8; orphans: 2; text-align: left; text-decoration: none; text-indent: 0px; text-transform: none; -webkit-text-stroke-width: 0px; white-space: pre-wrap; word-spacing: 0px;\">Mit diesem Wissen und dieser Erfahrung m\u00f6chte ich gern Katzen in Not helfen. Katzen, die noch auf der Suche nach ihrem endg\u00fcltigen Zuhause sind, und Katzen, die sich noch nicht oder nicht mehr ganz wohl in ihrem Zuhause f\u00fchlen.<\/span><\/p>\n<p>Ich kann sie nicht alle selber aufnehmen, aber ich kann f\u00fcr sie nach einem passenden Zuhause suchen.\u00a0<\/p>\n<p>\u00a0<\/p>\n\n\n<p><a href=\"http:\/\/www.adopt-a-cat.ch\/wp-content\/uploads\/2018\/10\/Sonja.png\"><\/a><strong><\/strong><\/p>\n\n\n\n<p><\/p>\n\n\n\n<p><\/p>\n","protected":false},"excerpt":{"rendered":"<p>Wer bin ich eigentlich? Mein Name ist Sonja Ball, seit \u00fcber 30 Jahren wohnen bei mir Katzen. Fast alle meine<\/p>\n","protected":false},"author":1,"featured_media":0,"parent":0,"menu_order":0,"comment_status":"closed","ping_status":"closed","template":"","meta":[],"_links":{"self":[{"href":"https:\/\/www.katze-sucht-mensch.ch\/index.php?rest_route=\/wp\/v2\/pages\/5"}],"collection":[{"href":"https:\/\/www.katze-sucht-mensch.ch\/index.php?rest_route=\/wp\/v2\/pages"}],"about":[{"href":"https:\/\/www.katze-sucht-mensch.ch\/index.php?rest_route=\/wp\/v2\/types\/page"}],"author":[{"embeddable":true,"href":"https:\/\/www.katze-sucht-mensch.ch\/index.php?rest_route=\/wp\/v2\/users\/1"}],"replies":[{"embeddable":true,"href":"https:\/\/www.katze-sucht-mensch.ch\/index.php?rest_route=%2Fwp%2Fv2%2Fcomments&post=5"}],"version-history":[{"count":21,"href":"https:\/\/www.katze-sucht-mensch.ch\/index.php?rest_route=\/wp\/v2\/pages\/5\/revisions"}],"predecessor-version":[{"id":5151,"href":"https:\/\/www.katze-sucht-mensch.ch\/index.php?rest_route=\/wp\/v2\/pages\/5\/revisions\/5151"}],"wp:attachment":[{"href":"https:\/\/www.katze-sucht-mensch.ch\/index.php?rest_route=%2Fwp%2Fv2%2Fmedia&parent=5"}],"curies":[{"name":"wp","href":"https:\/\/api.w.org\/{rel}","templated":true}]}}