{"id":590,"date":"2021-11-06T15:22:09","date_gmt":"2021-11-06T15:22:09","guid":{"rendered":"http:\/\/www.katze-sucht-mensch.ch\/?page_id=590"},"modified":"2021-11-09T14:08:49","modified_gmt":"2021-11-09T14:08:49","slug":"der-tannenbaum","status":"publish","type":"page","link":"https:\/\/www.katze-sucht-mensch.ch\/?page_id=590","title":{"rendered":"Der Tannenbaum"},"content":{"rendered":"<p>Gl\u00e4nzend und blitzend steht er da im Raum,<br \/>Kugeln und Lichter schm\u00fccken den Baum.<br \/>Neugierig schleich&#8216; ich mich in seine N\u00e4h&#8216;,<br \/>schau mich um, ob ich mein Frauchen ersp\u00e4h&#8216;!<\/p>\n<p>Die Luft ist rein und ich kann&#8217;s nicht lassen,<br \/>ob ich wohl eine Kugel krieg&#8216; zu fassen,<br \/>ein wenig, mit meinen Tatzen an dem Baume<br \/>kann kratzen ?<\/p>\n<p>Verf\u00fchrerisch verbreitet er seinen Duft,<br \/>knisternde Spannung liegt in der Luft.<br \/>Mein kleines Herz rast, kann ich es wagen,<br \/>einmal kurz nach dem Stern dort zu schlagen ?<\/p>\n<p>Ich halt&#8217;s nicht mehr aus, ich muss es tun,<br \/>ich werde nicht eher ruhn&#8216;,<br \/>die Kugel, die rote, die will ich haben,<br \/>doch, ups.. Frauchen hat mich schon am Kragen,<\/p>\n<p>Sie hat&#8217;s gesehen, nun bin ich dran, doch<br \/>ich probiere es wieder &#8211; irgendwann !!!<\/p>\n<p>\u00a9 Julia 2003<\/p>\n<p><img decoding=\"async\" loading=\"lazy\" class=\"alignnone size-medium wp-image-653\" src=\"https:\/\/www.katze-sucht-mensch.ch\/wp-content\/uploads\/2021\/11\/Geschenk-weihnachten-225x300.jpg\" alt=\"\" width=\"225\" height=\"300\" srcset=\"https:\/\/www.katze-sucht-mensch.ch\/wp-content\/uploads\/2021\/11\/Geschenk-weihnachten-225x300.jpg 225w, https:\/\/www.katze-sucht-mensch.ch\/wp-content\/uploads\/2021\/11\/Geschenk-weihnachten-rotated.jpg 240w\" sizes=\"(max-width: 225px) 100vw, 225px\" \/><\/p>\n","protected":false},"excerpt":{"rendered":"<p>Gl\u00e4nzend und blitzend steht er da im Raum,Kugeln und Lichter schm\u00fccken den Baum.Neugierig schleich&#8216; ich mich in seine N\u00e4h&#8216;,schau mich<\/p>\n","protected":false},"author":2,"featured_media":0,"parent":0,"menu_order":0,"comment_status":"closed","ping_status":"closed","template":"","meta":[],"_links":{"self":[{"href":"https:\/\/www.katze-sucht-mensch.ch\/index.php?rest_route=\/wp\/v2\/pages\/590"}],"collection":[{"href":"https:\/\/www.katze-sucht-mensch.ch\/index.php?rest_route=\/wp\/v2\/pages"}],"about":[{"href":"https:\/\/www.katze-sucht-mensch.ch\/index.php?rest_route=\/wp\/v2\/types\/page"}],"author":[{"embeddable":true,"href":"https:\/\/www.katze-sucht-mensch.ch\/index.php?rest_route=\/wp\/v2\/users\/2"}],"replies":[{"embeddable":true,"href":"https:\/\/www.katze-sucht-mensch.ch\/index.php?rest_route=%2Fwp%2Fv2%2Fcomments&post=590"}],"version-history":[{"count":3,"href":"https:\/\/www.katze-sucht-mensch.ch\/index.php?rest_route=\/wp\/v2\/pages\/590\/revisions"}],"predecessor-version":[{"id":668,"href":"https:\/\/www.katze-sucht-mensch.ch\/index.php?rest_route=\/wp\/v2\/pages\/590\/revisions\/668"}],"wp:attachment":[{"href":"https:\/\/www.katze-sucht-mensch.ch\/index.php?rest_route=%2Fwp%2Fv2%2Fmedia&parent=590"}],"curies":[{"name":"wp","href":"https:\/\/api.w.org\/{rel}","templated":true}]}}