{"id":63,"date":"2019-12-29T18:09:42","date_gmt":"2019-12-29T18:09:42","guid":{"rendered":"http:\/\/www.katze-sucht-mensch.ch\/?page_id=63"},"modified":"2023-04-13T10:06:28","modified_gmt":"2023-04-13T10:06:28","slug":"meine-ziele","status":"publish","type":"page","link":"https:\/\/www.katze-sucht-mensch.ch\/?page_id=63","title":{"rendered":"Meine Ziele"},"content":{"rendered":"<p><strong>Was hat mich zu dieser Homepage bewogen?<\/strong><\/p>\n<p>Ich werde immer wieder von Privat und auch von Tier\u00e4rzten angefragt nach einem Pl\u00e4tzli f\u00fcr ein &#8222;\u00fcberz\u00e4hliges&#8220; B\u00fcsi oder nach einem B\u00fcsi f\u00fcr ein &#8222;freies&#8220; Pl\u00e4tzli. Und hierf\u00fcr m\u00f6chte ich eine Plattform bieten, f\u00fcr Katzen in Not oder mit geringen Vermittlungschancen. Jede Katze hat ein eigenes Zuhause verdient, ein Tierheim oder eine Pflegestelle sollte nur im Notfall die L\u00f6sung sein, und wenn, dann nur vor\u00fcbergehend.<\/p>\n<p><strong>Was will ich mit meinem Engagement erreichen?<\/strong><\/p>\n<p>Mit meiner Erfahrung und meinen Kontakten m\u00f6chte ich gern Katzen in Not helfen. Katzen, die noch auf der Suche nach ihrem endg\u00fcltigen Zuhause sind, und Katzen, die sich noch nicht oder nicht mehr ganz wohl in ihrem Zuhause f\u00fchlen. Und ich m\u00f6chte, dass jeder, der einer Katze ein geeignetes Pl\u00e4tzli anbieten kann und will, auch ein passendes B\u00fcsi bekommt.<\/p>\n<p><strong>F\u00fcr wen setze ich mich ein?<\/strong><\/p>\n<p>Grunds\u00e4tzlich f\u00fcr jeden, ob Katze oder Mensch, alt oder jung, gross oder klein, gesund oder krank. Hauptsache, es passt: Katze zu Mensch und Mensch zu Katze. Aber ich muss zugeben, ich bin nicht neutral, eine Spezies bevorzuge ich: <strong>Mir liegen besonders die alten, kranken Samtpfoten am Herzen. <\/strong>Sie haben&#8217;s am schwersten und sind gleichzeitig die dankbarsten von allen.<\/p>\n<p><img decoding=\"async\" loading=\"lazy\" class=\"alignnone size-medium wp-image-227 aligncenter\" src=\"https:\/\/www.katze-sucht-mensch.ch\/wp-content\/uploads\/2020\/01\/versuch-es-300x191.png\" alt=\"\" width=\"300\" height=\"191\" srcset=\"https:\/\/www.katze-sucht-mensch.ch\/wp-content\/uploads\/2020\/01\/versuch-es-300x191.png 300w, https:\/\/www.katze-sucht-mensch.ch\/wp-content\/uploads\/2020\/01\/versuch-es-768x488.png 768w, https:\/\/www.katze-sucht-mensch.ch\/wp-content\/uploads\/2020\/01\/versuch-es.png 803w\" sizes=\"(max-width: 300px) 100vw, 300px\" \/><\/p>\n","protected":false},"excerpt":{"rendered":"<p>Was hat mich zu dieser Homepage bewogen? Ich werde immer wieder von Privat und auch von Tier\u00e4rzten angefragt nach einem<\/p>\n","protected":false},"author":2,"featured_media":0,"parent":0,"menu_order":0,"comment_status":"closed","ping_status":"closed","template":"","meta":[],"_links":{"self":[{"href":"https:\/\/www.katze-sucht-mensch.ch\/index.php?rest_route=\/wp\/v2\/pages\/63"}],"collection":[{"href":"https:\/\/www.katze-sucht-mensch.ch\/index.php?rest_route=\/wp\/v2\/pages"}],"about":[{"href":"https:\/\/www.katze-sucht-mensch.ch\/index.php?rest_route=\/wp\/v2\/types\/page"}],"author":[{"embeddable":true,"href":"https:\/\/www.katze-sucht-mensch.ch\/index.php?rest_route=\/wp\/v2\/users\/2"}],"replies":[{"embeddable":true,"href":"https:\/\/www.katze-sucht-mensch.ch\/index.php?rest_route=%2Fwp%2Fv2%2Fcomments&post=63"}],"version-history":[{"count":10,"href":"https:\/\/www.katze-sucht-mensch.ch\/index.php?rest_route=\/wp\/v2\/pages\/63\/revisions"}],"predecessor-version":[{"id":2065,"href":"https:\/\/www.katze-sucht-mensch.ch\/index.php?rest_route=\/wp\/v2\/pages\/63\/revisions\/2065"}],"wp:attachment":[{"href":"https:\/\/www.katze-sucht-mensch.ch\/index.php?rest_route=%2Fwp%2Fv2%2Fmedia&parent=63"}],"curies":[{"name":"wp","href":"https:\/\/api.w.org\/{rel}","templated":true}]}}