{"id":68,"date":"2019-12-29T18:21:01","date_gmt":"2019-12-29T18:21:01","guid":{"rendered":"http:\/\/www.katze-sucht-mensch.ch\/?page_id=68"},"modified":"2026-04-25T12:40:44","modified_gmt":"2026-04-25T12:40:44","slug":"in-memoriam","status":"publish","type":"page","link":"https:\/\/www.katze-sucht-mensch.ch\/?page_id=68","title":{"rendered":"In Memoriam"},"content":{"rendered":"<p><img decoding=\"async\" loading=\"lazy\" class=\" wp-image-3855 aligncenter\" src=\"https:\/\/www.katze-sucht-mensch.ch\/wp-content\/uploads\/2025\/01\/Regenbogenbruecke.png\" alt=\"\" width=\"451\" height=\"250\" \/><\/p>\n<p>H\u00e4xli, \u00c4ngeli, Frida, Strubeli, Mira und Murli sind nicht meine ersten B\u00fcsis (und sicher auch nicht meine letzten). Vor ihnen gab&#8217;s da noch diese &#8222;Herrschaften&#8220;:<\/p>\n<p><strong>Moritz<\/strong><\/p>\n<p><img decoding=\"async\" loading=\"lazy\" class=\"alignnone  wp-image-4780\" src=\"https:\/\/www.katze-sucht-mensch.ch\/wp-content\/uploads\/2025\/11\/Moritz-.png\" alt=\"\" width=\"168\" height=\"219\" \/><\/p>\n<p>mein 3. Schwarzer, nach Panther und T\u00fc\u00fcfeli. Zeitlebens Gesellschaftskater im Altersheim durfte er mit 15 Jahren bei mir in Rente gehen. Und fand in H\u00e4xli die Liebe seines Lebens. Diabetes kein Problem mehr, nach 6 Wochen ging er in Remission. Und auch die Chemo nach seiner Blasentumor-OP verhob. Nur die Nieren versagten nach gut 3 Jahren. Mach&#8217;s gut, mein Grosser!<\/p>\n<p><strong>Emmi<\/strong><\/p>\n<p><img decoding=\"async\" loading=\"lazy\" class=\"alignnone  wp-image-4666\" src=\"https:\/\/www.katze-sucht-mensch.ch\/wp-content\/uploads\/2025\/09\/Emmi-225x300.jpeg\" alt=\"\" width=\"166\" height=\"222\" srcset=\"https:\/\/www.katze-sucht-mensch.ch\/wp-content\/uploads\/2025\/09\/Emmi-225x300.jpeg 225w, https:\/\/www.katze-sucht-mensch.ch\/wp-content\/uploads\/2025\/09\/Emmi-rotated.jpeg 240w\" sizes=\"(max-width: 166px) 100vw, 166px\" \/><\/p>\n<p>meine liebe \u00d6mmi-Emmi, die geduldig und brav jede &#8222;Behandlung&#8220; mitgemacht hat. Diabetes (incl. Remission), Epilepsie, FORL, CNE, Arthrose, IBD, Pankreatitis, keine Tablette oder Spritze ward ihr zu viel. Sie wurde mir mit 15 Jahren wohl von Lucky+Gina &#8222;geschickt&#8220;, ganz bestimmt, sie sieht aus wie eine Kreuzung aus beiden. 3 Jahre durfte sie hier in der Zuckerschnuten-WG geniessen, bis auch sie 18j\u00e4hrig an Krebs erkrankte. Jetzt hast Du bestimmt schon Gina und Emmi getroffen, Ihr habt Euch sicher viel zu erz\u00e4hlen.<\/p>\n<p><strong>Gina<\/strong><\/p>\n<p><img decoding=\"async\" loading=\"lazy\" class=\"alignnone  wp-image-464\" src=\"https:\/\/www.katze-sucht-mensch.ch\/wp-content\/uploads\/2021\/05\/Gina-225x300.jpg\" alt=\"\" width=\"169\" height=\"225\" srcset=\"https:\/\/www.katze-sucht-mensch.ch\/wp-content\/uploads\/2021\/05\/Gina-225x300.jpg 225w, https:\/\/www.katze-sucht-mensch.ch\/wp-content\/uploads\/2021\/05\/Gina-rotated.jpg 240w\" sizes=\"(max-width: 169px) 100vw, 169px\" \/><\/p>\n<p>mein kleines, neugieriges, fr\u00f6hliches, verfressenes Knuddelb\u00fcsi zum Liebhaben. Sie hatte so viele &#8222;Baustellen&#8220;: Diabetes, Akromegalie, Rolling-Skin-Syndrom, Lungenlymphom. Jede Behandlung, auch die Strahlentherapie, hat sie stolz mitgemacht (sie hat jeden Tierarzt-Besuch genossen, &#8222;endlich Abwechslung&#8220; war ihr Motto). Jede Behandlung hat angeschlagen, aber leider hat sie mit fast 15 Jahren den Kampf gegen den Krebs verloren.<\/p>\n<p><strong>Lucky<\/strong><\/p>\n<p><img decoding=\"async\" loading=\"lazy\" class=\"alignnone  wp-image-147\" src=\"https:\/\/www.katze-sucht-mensch.ch\/wp-content\/uploads\/2020\/01\/Lucky-225x300.jpg\" alt=\"\" width=\"167\" height=\"223\" srcset=\"https:\/\/www.katze-sucht-mensch.ch\/wp-content\/uploads\/2020\/01\/Lucky-225x300.jpg 225w, https:\/\/www.katze-sucht-mensch.ch\/wp-content\/uploads\/2020\/01\/Lucky-rotated.jpg 240w\" sizes=\"(max-width: 167px) 100vw, 167px\" \/><\/p>\n<p>meine 1. Zuckerschnute, wir beide haben gemeinsam fast alles \u00fcber Diabetes gelernt: Diabetiker-Spezialfutter, Insulin spritzen, Blutzucker messen. Und er hat sich hier unsterblich in H\u00e4xli verliebt (und sie sich in ihn). Am liebsten lagen die beiden im kleinsten Katzenkorb ganz eng aneinander gekuschelt. Im letzten Jahr haben sich leider neben dem Diabetes immer mehr &#8222;Baustellen&#8220; herausgestellt und am Schluss haben Leber und Galle nicht mehr mitgemacht. Wir vermissen Dich ganz doll!<\/p>\n<p><strong>T\u00fc\u00fcfeli\u00a0 <\/strong><\/p>\n<p><strong><img decoding=\"async\" loading=\"lazy\" class=\"alignnone  wp-image-466\" src=\"https:\/\/www.katze-sucht-mensch.ch\/wp-content\/uploads\/2021\/05\/T\u00fc\u00fcfeli-300x225.jpg\" alt=\"\" width=\"167\" height=\"126\" srcset=\"https:\/\/www.katze-sucht-mensch.ch\/wp-content\/uploads\/2021\/05\/T\u00fc\u00fcfeli-300x225.jpg 300w, https:\/\/www.katze-sucht-mensch.ch\/wp-content\/uploads\/2021\/05\/T\u00fc\u00fcfeli.jpg 320w\" sizes=\"(max-width: 167px) 100vw, 167px\" \/><\/strong><\/p>\n<p>mein 2. &#8222;Schwarzer&#8220; neben Panther. Die beiden waren ein Herz und eine Seele: schwarz und schwarz gesellt sich eben gern. Und sag mir noch einer &#8222;schwarze Katze bringt Ungl\u00fcck&#8220;: das gilt nur f\u00fcr M\u00e4use, ehrlich! Er war ein ausgehungerter Findel, den keiner vermisste und der die ersten N\u00e4chte bei mir neben der Futtersch\u00fcssel schlief. Bis er endlich merkte: da gibt&#8217;s auch morgen noch was zu essen. Leb wohl kleiner Knuddelb\u00e4r, Dein Pl\u00e4tzli hat jetzt \u00c4ngeli \u00fcbernommen!<\/p>\n<p><strong>Chipsy<\/strong><\/p>\n<p><img decoding=\"async\" loading=\"lazy\" class=\"alignnone  wp-image-153\" src=\"https:\/\/www.katze-sucht-mensch.ch\/wp-content\/uploads\/2020\/01\/Chipsi-225x300.jpg\" alt=\"\" width=\"165\" height=\"220\" srcset=\"https:\/\/www.katze-sucht-mensch.ch\/wp-content\/uploads\/2020\/01\/Chipsi-225x300.jpg 225w, https:\/\/www.katze-sucht-mensch.ch\/wp-content\/uploads\/2020\/01\/Chipsi-rotated.jpg 240w\" sizes=\"(max-width: 165px) 100vw, 165px\" \/>\u00a0 <!-- x-tinymce\/html --><\/p>\n<p>meine wilde &#8222;Kampfkatze&#8220;, die sich bei mir als Pflegekatze zu einer lieben, neugierigen aber weiterhin selbst\u00e4ndigen Katze entwickelte. Chr\u00e4bbele an Kopf und Brust liebt sie inzwischen, &#8222;hinten&#8220; geht das aber gar nicht! Nach 9 Monaten fand sie endlich ein sch\u00f6nes Pl\u00e4tzli mit Familienanschluss und endlich wieder ihren geliebten Freigang in l\u00e4ndlicher Umgebung.<\/p>\n<p><strong>Schnute<\/strong><\/p>\n<p><img decoding=\"async\" loading=\"lazy\" class=\"alignnone  wp-image-158\" src=\"https:\/\/www.katze-sucht-mensch.ch\/wp-content\/uploads\/2020\/01\/Schnute.png\" alt=\"\" width=\"166\" height=\"153\" \/><\/p>\n<p>meine (im Endstadium) krebskranke Gl\u00fcckskatze von einem Bauernhof, die bei mir zum ersten Mal in ihrem Leben ein eigenes Zuhause und Pflege geniessen durfte. Und sie tat dies mehr als 7 Monate, obwohl man ihr nur noch wenige Tage zu leben gegeben hatte. Sie genoss es so, zusammen mit ihren Gsp\u00e4nli verw\u00f6hnt zu werden, im Warmen zu sitzen und die V\u00f6gel draussen zu beobachten.<\/p>\n<p><strong>Findus<\/strong><\/p>\n<p><img decoding=\"async\" loading=\"lazy\" class=\"alignnone  wp-image-156\" src=\"https:\/\/www.katze-sucht-mensch.ch\/wp-content\/uploads\/2020\/01\/ndus-225x300.jpg\" alt=\"\" width=\"172\" height=\"229\" srcset=\"https:\/\/www.katze-sucht-mensch.ch\/wp-content\/uploads\/2020\/01\/ndus-225x300.jpg 225w, https:\/\/www.katze-sucht-mensch.ch\/wp-content\/uploads\/2020\/01\/ndus.jpg 240w\" sizes=\"(max-width: 172px) 100vw, 172px\" \/><\/p>\n<p>mein Findel aus Ittigen: taub, blind, herz-, nieren- und schilddr\u00fcsenkrank. Und so happy, in H\u00e4xli seine &#8222;Blindenkatze&#8220; gefunden zu haben. Sie zeigte ihm immer wieder den Weg, so dass er Futtersch\u00fcssel und Kistchen problemlos fand. Das Gr\u00f6sste f\u00fcr ihn aber waren die Schmuseabende auf dem Sofa, seine Lieblingssendung im Fernsehen: Tatort (= 90 min. ununterbrochen Chr\u00e4bbele). P\u00fcnktlich stand er sonntags kurz nach 20h vor dem Sofa!<\/p>\n<p><strong>Balou<\/strong><\/p>\n<p><img decoding=\"async\" loading=\"lazy\" class=\"alignnone  wp-image-152\" src=\"https:\/\/www.katze-sucht-mensch.ch\/wp-content\/uploads\/2020\/01\/Balou-225x300.jpg\" alt=\"\" width=\"172\" height=\"229\" srcset=\"https:\/\/www.katze-sucht-mensch.ch\/wp-content\/uploads\/2020\/01\/Balou-225x300.jpg 225w, https:\/\/www.katze-sucht-mensch.ch\/wp-content\/uploads\/2020\/01\/Balou.jpg 240w\" sizes=\"(max-width: 172px) 100vw, 172px\" \/><\/p>\n<p>mein bislang Sch\u00fcchternster, der sich auf den Tag genau nach 3 Monaten von mir zum ersten Mal streicheln liess. Von da an mutierte er jedoch schlagartig zur professionellen Schmusebacke und entdeckte das Spielen mit der Angel. Nach 5 Jahren schlug leider ein b\u00f6sartiger Hirntumor zu, so dass ihm nur 7 Jahre Lebenszeit geg\u00f6nnt waren.<\/p>\n<p><strong>Tiger(in)<\/strong><\/p>\n<p><img decoding=\"async\" loading=\"lazy\" class=\"alignnone  wp-image-159\" src=\"https:\/\/www.katze-sucht-mensch.ch\/wp-content\/uploads\/2020\/01\/Tiger-rotated-e1577902897584-300x225.jpg\" alt=\"\" width=\"181\" height=\"136\" srcset=\"https:\/\/www.katze-sucht-mensch.ch\/wp-content\/uploads\/2020\/01\/Tiger-rotated-e1577902897584-300x225.jpg 300w, https:\/\/www.katze-sucht-mensch.ch\/wp-content\/uploads\/2020\/01\/Tiger-rotated-e1577902897584.jpg 320w\" sizes=\"(max-width: 181px) 100vw, 181px\" \/><\/p>\n<p>mein Mutterersatz f\u00fcr Panther, die ebenfalls mit mir in die Schweiz auswanderte. Sie brachte ihm das kleine und grosse Katzen-ABC bei. Die Schmusekatze in Person, am liebsten w\u00e4r sie den ganzen Tag auf meiner Schulter herumgetragen worden. Von einem Schlaganfall erholte sie sich g\u00e4nzlich und wurde dann trotz chronischem Schnupfen und ihrer Nierenerkrankung 18 Jahre alt.<\/p>\n<p><strong>Panther<\/strong><\/p>\n<p><img decoding=\"async\" loading=\"lazy\" class=\"alignnone  wp-image-157\" src=\"https:\/\/www.katze-sucht-mensch.ch\/wp-content\/uploads\/2020\/01\/Panther-225x300.jpg\" alt=\"\" width=\"171\" height=\"229\" srcset=\"https:\/\/www.katze-sucht-mensch.ch\/wp-content\/uploads\/2020\/01\/Panther-225x300.jpg 225w, https:\/\/www.katze-sucht-mensch.ch\/wp-content\/uploads\/2020\/01\/Panther-rotated.jpg 240w\" sizes=\"(max-width: 171px) 100vw, 171px\" \/>\u00a0<!-- x-tinymce\/html --><\/p>\n<p>mein erster &#8222;eigener&#8220; Kater, der mit 7 Mon. bei mir einzog und mit mir in die Schweiz auswanderte. Er liebte es (solang seine Gr\u00f6sse es noch zuliess), nachts ins Duvetanz\u00fcgli zu kriechen und dort zu schlafen. Und freute sich riesig, als Tigerin zwei Wochen nach seinem Einzug bei mir zu uns kam, endlich wieder eine Mama an seiner Seite, die ihn vor allem und jedem besch\u00fctzte. Trotz Asthma, Nierenschw\u00e4che und Herzproblemen durfte ich ihn 19 Jahre lang verw\u00f6hnen.<\/p>\n<p><strong>Mauseb\u00e4r<\/strong><\/p>\n<p><img decoding=\"async\" loading=\"lazy\" class=\"alignnone  wp-image-155\" src=\"https:\/\/www.katze-sucht-mensch.ch\/wp-content\/uploads\/2020\/01\/Mauseb\u00e4r1.png\" alt=\"\" width=\"170\" height=\"175\" \/><\/p>\n<p>mein erster Ferienkater, den ich jahrelang w\u00e4hrend der Ferien seiner Besitzer bei ihm Zuhause betreut und versorgt hab. Bei ihm hab ich viel \u00fcber CNI und alte Katzen gelernt. Ich erinner mich noch gut, wie ich ihn t\u00e4glich (erfolgreich) zum Futtern \u00fcberredet hab. Eben ein Katzen-Opi, der sich \u00fcber jeden Besuch riesig freute und schm\u00fcseln konnte, was das Zeug hielt. Und schnurren erst!<\/p>\n<p><strong>Gipsy <\/strong><\/p>\n<p><img decoding=\"async\" loading=\"lazy\" class=\"alignnone  wp-image-154\" src=\"https:\/\/www.katze-sucht-mensch.ch\/wp-content\/uploads\/2020\/01\/ipsy-rotated-e1577902925525-300x225.jpg\" alt=\"\" width=\"166\" height=\"125\" srcset=\"https:\/\/www.katze-sucht-mensch.ch\/wp-content\/uploads\/2020\/01\/ipsy-rotated-e1577902925525-300x225.jpg 300w, https:\/\/www.katze-sucht-mensch.ch\/wp-content\/uploads\/2020\/01\/ipsy-rotated-e1577902925525.jpg 320w\" sizes=\"(max-width: 166px) 100vw, 166px\" \/><\/p>\n<p>meine erste Pflegekatze, die wochenlang w\u00e4hrend eines l\u00e4ngeren Kur- und Ferienaufenthalts ihrer Besitzerin nicht nur meinen Balkon in Beschlag genommen hat. Sie zog bei mir ein und war einfach da. So pflegeleicht wie keine andere. Und sie hat mich die Unterschiede zwischen Hund und Katz gelehrt. Ich bin bei ihr sozusagen in die Schule gegangen.<\/p>\n<p><strong>Dux (von der Sch\u00e4umenden Alb)<\/strong><\/p>\n<p><img decoding=\"async\" loading=\"lazy\" class=\"alignnone  wp-image-861\" src=\"https:\/\/www.katze-sucht-mensch.ch\/wp-content\/uploads\/2021\/11\/DUX-1.jpg\" alt=\"\" width=\"178\" height=\"220\" \/><\/p>\n<p>Angefangen hab ich mit Hund. Mein erster und bislang einziger Hund. F\u00e4hrtenarbeit 1a mit Sternchen, im Schutzdienst manchmal doch etwas zu eifrig und in der Unterordnung naja, je nach Tagesform, Grosswetterlage und Horoskop. Wie ich ihn geliebt hab! Im B\u00fcro sind leider keine Hunde erlaubt und meinen Eltern konnte ich altersbedingt die Tagesbetreuung eines Hundes nicht mehr zumuten. Also wurde sein &#8222;Nachfolger&#8220; eine Katze, besser gesagt derer zwei. Damit hat&#8217;s angefangen &#8230;<\/p>\n","protected":false},"excerpt":{"rendered":"<p>H\u00e4xli, \u00c4ngeli, Frida, Strubeli, Mira und Murli sind nicht meine ersten B\u00fcsis (und sicher auch nicht meine letzten). Vor ihnen<\/p>\n","protected":false},"author":2,"featured_media":0,"parent":0,"menu_order":0,"comment_status":"closed","ping_status":"closed","template":"","meta":[],"_links":{"self":[{"href":"https:\/\/www.katze-sucht-mensch.ch\/index.php?rest_route=\/wp\/v2\/pages\/68"}],"collection":[{"href":"https:\/\/www.katze-sucht-mensch.ch\/index.php?rest_route=\/wp\/v2\/pages"}],"about":[{"href":"https:\/\/www.katze-sucht-mensch.ch\/index.php?rest_route=\/wp\/v2\/types\/page"}],"author":[{"embeddable":true,"href":"https:\/\/www.katze-sucht-mensch.ch\/index.php?rest_route=\/wp\/v2\/users\/2"}],"replies":[{"embeddable":true,"href":"https:\/\/www.katze-sucht-mensch.ch\/index.php?rest_route=%2Fwp%2Fv2%2Fcomments&post=68"}],"version-history":[{"count":43,"href":"https:\/\/www.katze-sucht-mensch.ch\/index.php?rest_route=\/wp\/v2\/pages\/68\/revisions"}],"predecessor-version":[{"id":5155,"href":"https:\/\/www.katze-sucht-mensch.ch\/index.php?rest_route=\/wp\/v2\/pages\/68\/revisions\/5155"}],"wp:attachment":[{"href":"https:\/\/www.katze-sucht-mensch.ch\/index.php?rest_route=%2Fwp%2Fv2%2Fmedia&parent=68"}],"curies":[{"name":"wp","href":"https:\/\/api.w.org\/{rel}","templated":true}]}}