{"id":70,"date":"2019-12-29T18:21:16","date_gmt":"2019-12-29T18:21:16","guid":{"rendered":"http:\/\/www.katze-sucht-mensch.ch\/?page_id=70"},"modified":"2026-04-02T16:42:24","modified_gmt":"2026-04-02T16:42:24","slug":"katze-sucht-mensch","status":"publish","type":"page","link":"https:\/\/www.katze-sucht-mensch.ch\/?page_id=70","title":{"rendered":"Katze sucht Mensch"},"content":{"rendered":"<p>Hier m\u00f6chten sich Not-Felle vorstellen, die auf der Suche nach einem endg\u00fcltigen Zuhause sind.<\/p>\n<p>Eine Bitte noch vorab:<\/p>\n<p>Bitte bewerben Sie sich nur auf ein B\u00fcsi, wenn Sie <strong>alle<\/strong> aufgef\u00fchrten W\u00fcnsche erf\u00fcllen k\u00f6nnen. Es sind<b>\u00a0<\/b>Mindestanforderungen und nicht verhandelbar. Das erspart Ihnen die Entt\u00e4uschung \u00fcber eine Absage und uns beiden Zeit. Merci viumau !<\/p>\n<p>Aber jetzt geht&#8217;s los:<\/p>\n<p style=\"text-align: center;\" align=\"center\">\u00a0<\/p>\n\n\n<ul class=\"display-posts-listing\"><li class=\"listing-item\"><a class=\"title\" href=\"https:\/\/www.katze-sucht-mensch.ch\/?p=5120\">Mimi-Maus, 4j. -Zuhause (Wohnung) gesucht-<\/a> <span class=\"excerpt-dash\">-<\/span> <span class=\"excerpt\">Die 4j. Mimi-Maus ist &#8222;verwitwet&#8220; und grad mega traurig, so ganz allein zuhause. Ihr Katerfreund ist verstorben und sie vermisst<\/span><\/li><li class=\"listing-item\"><a class=\"title\" href=\"https:\/\/www.katze-sucht-mensch.ch\/?p=5113\">Simba &#038; Garip, 9mon. -Zuhause (Wohnung) gesucht-<\/a> <span class=\"excerpt-dash\">-<\/span> <span class=\"excerpt\">Die Br\u00fcder Simba&amp;Garip sind mit ihren 9 Monaten bereits auf der Suche nach einem neuen Zuhause. Ihr Besitzer kann ihnen<\/span><\/li><li class=\"listing-item\"><a class=\"title\" href=\"https:\/\/www.katze-sucht-mensch.ch\/?p=5109\">Balu, 4j. -Zuhause (Freigang) gesucht-<\/a> <span class=\"excerpt-dash\">-<\/span> <span class=\"excerpt\">Der 4j. Balu wird leider von den (unvern\u00fcnftigen) Nachbarn angef\u00fcttert und kann nicht widerstehen. Das geht soweit, dass er tagelang<\/span><\/li><li class=\"listing-item\"><a class=\"title\" href=\"https:\/\/www.katze-sucht-mensch.ch\/?p=5056\">Ginger\/Findus\/Luna 2.5j. -Zuhause (Freigang) gesucht<\/a> <span class=\"excerpt-dash\">-<\/span> <span class=\"excerpt\">\u00a0 \u00a0 Die 2.5j. Ginger\/Findus\/Luna sind Geschwister (die beiden Tiger-Buben und das schwarze Meitschi) und zusammen auf der Suche nach<\/span><\/li><li class=\"listing-item\"><a class=\"title\" href=\"https:\/\/www.katze-sucht-mensch.ch\/?p=5016\">Keks, 2j. -Zuhause (ges. Garten\/Freigang l\u00e4ndlich) gesucht-<\/a> <span class=\"excerpt-dash\">-<\/span> <span class=\"excerpt\">Der 2j. Keks sucht die Nadel im Heuhaufen. &nbsp; Keks geriet auf die Autobahn und wurde angefahren. Er hat mehrere<\/span><\/li><li class=\"listing-item\"><a class=\"title\" href=\"https:\/\/www.katze-sucht-mensch.ch\/?p=5000\">Amigo, 10j. -Zuhause (Wohnung) gesucht-<\/a> <span class=\"excerpt-dash\">-<\/span> <span class=\"excerpt\">Der 10j. Amigo wurde gefunden, dank Chip konnte sein Besitzer ausfindig gemacht werden, der hat jedoch auf Amigo verzichtet. Jetzt<\/span><\/li><li class=\"listing-item\"><a class=\"title\" href=\"https:\/\/www.katze-sucht-mensch.ch\/?p=4872\">Niki&#038;Balou, 6j. -Zuhause (Freigang) gesucht<\/a> <span class=\"excerpt-dash\">-<\/span> <span class=\"excerpt\">Die 6j. Br\u00fcder Niki&amp;Balu suchen zusammen ein neues Zuhause mit Freigang, bei katzenerfahrenen, geduldigen Menschen mit Zeit f\u00fcr die beiden.<\/span><\/li><li class=\"listing-item\"><a class=\"title\" href=\"https:\/\/www.katze-sucht-mensch.ch\/?p=4804\">Momo&#038;Gigi, 5\/6j. -Zuhause (Freigang) gesucht-<\/a> <span class=\"excerpt-dash\">-<\/span> <span class=\"excerpt\">Der Besitzer von Momo&amp;Gigi (5\/6j.) ist ganz unerwartet verstorben, jetzt sind die beiden vor\u00fcbergehend auf einer Pflegestelle untergekommen. Sie h\u00e4tten<\/span><\/li><li class=\"listing-item\"><a class=\"title\" href=\"https:\/\/www.katze-sucht-mensch.ch\/?p=4802\">Struppi, Bohne &#038; Bonnie, 10\/9\/8j. -Zuhause (Freigang) gesucht-<\/a> <span class=\"excerpt-dash\">-<\/span> <span class=\"excerpt\">Das sind Struppi, Bohne &amp; Bonnie (10\/9\/8j.), auch als Trio &#8222;SBB&#8220; bekannt. Eins wie&#8217;s andre, alle zum Verwechseln \u00e4hnlich. Ihr<\/span><\/li><\/ul>\n\n\n\n<p><\/p>\n","protected":false},"excerpt":{"rendered":"<p>Hier m\u00f6chten sich Not-Felle vorstellen, die auf der Suche nach einem endg\u00fcltigen Zuhause sind. Eine Bitte noch vorab: Bitte bewerben<\/p>\n","protected":false},"author":2,"featured_media":0,"parent":0,"menu_order":0,"comment_status":"closed","ping_status":"closed","template":"","meta":[],"_links":{"self":[{"href":"https:\/\/www.katze-sucht-mensch.ch\/index.php?rest_route=\/wp\/v2\/pages\/70"}],"collection":[{"href":"https:\/\/www.katze-sucht-mensch.ch\/index.php?rest_route=\/wp\/v2\/pages"}],"about":[{"href":"https:\/\/www.katze-sucht-mensch.ch\/index.php?rest_route=\/wp\/v2\/types\/page"}],"author":[{"embeddable":true,"href":"https:\/\/www.katze-sucht-mensch.ch\/index.php?rest_route=\/wp\/v2\/users\/2"}],"replies":[{"embeddable":true,"href":"https:\/\/www.katze-sucht-mensch.ch\/index.php?rest_route=%2Fwp%2Fv2%2Fcomments&post=70"}],"version-history":[{"count":61,"href":"https:\/\/www.katze-sucht-mensch.ch\/index.php?rest_route=\/wp\/v2\/pages\/70\/revisions"}],"predecessor-version":[{"id":5076,"href":"https:\/\/www.katze-sucht-mensch.ch\/index.php?rest_route=\/wp\/v2\/pages\/70\/revisions\/5076"}],"wp:attachment":[{"href":"https:\/\/www.katze-sucht-mensch.ch\/index.php?rest_route=%2Fwp%2Fv2%2Fmedia&parent=70"}],"curies":[{"name":"wp","href":"https:\/\/api.w.org\/{rel}","templated":true}]}}