{"id":76,"date":"2019-12-29T18:19:17","date_gmt":"2019-12-29T18:19:17","guid":{"rendered":"http:\/\/www.katze-sucht-mensch.ch\/?page_id=76"},"modified":"2021-11-26T10:22:46","modified_gmt":"2021-11-26T10:22:46","slug":"am-anfang-war-die-katze","status":"publish","type":"page","link":"https:\/\/www.katze-sucht-mensch.ch\/?page_id=76","title":{"rendered":"Am Anfang war die Katze"},"content":{"rendered":"<p>Am sp\u00e4ten Samstagabend der Sch\u00f6pfung blickte der Allm\u00e4chtige auf sein Werk und legte die F\u00fcsse hoch. Er freute sich auf seinen ersten Ruhetag: der erste Sonntag der Menschheitsgeschichte konnte kommen. Der Allm\u00e4chtige war zufrieden. Pl\u00f6tzlich aber vernahm er an der T\u00fcr ein seltsames Ger\u00e4usch, er stand auf, um nachzusehen. Es war die Katze.<\/p>\n<p>&#8222;Grosser Herr&#8220;, sprach die Katze und strich dem Allm\u00e4chtigen dabei um die Beine. &#8222;Die Sch\u00f6pfung ist gar wunderlich und sch\u00f6n und auch ich bin zufrieden. Du gabst mir ein pr\u00e4chtiges Fell, das mich vor K\u00e4lte sch\u00fctzt, Du gabst mir sch\u00f6ne weiche Pfoten, mit denen ich mich lautlos anschleichen kann, und Du gabst mir scharfe Krallen und einen biegsamen K\u00f6rper, der mich zum J\u00e4ger und Kletterer macht. Und trotzdem kann ich nicht verhehlen, dass mir noch eine Kleinigkeit fehlt.&#8220; \u00a0 \u00a0 \u00a0 \u00a0 \u00a0 \u00a0 \u00a0 \u00a0 \u00a0 \u00a0 \u00a0\u00a0 Der alte Herr legte die Stirn in Falten und \u00fcberlegte, was er vergessen haben k\u00f6nnte. Die Katzent\u00fcr konnte es nicht sein: deren Erfindung war erst f\u00fcr sp\u00e4ter vorgesehen. Dasselbe galt f\u00fcr das Katzenstreu, dem erst die Domestizierung vorausgehen musste. &#8222;Sprich&#8220;, forderte der Allm\u00e4chtige seine Besucherin auf. &#8222;Was fehlt Dir?&#8220;<\/p>\n<p>&#8222;Es ist nur eine Kleinigkeit, Herr&#8220;, sprach die Katze und wischt sich vor Aufregung mit der Pfote \u00fcber die Barthaare. &#8222;Es soll ja auch keine Kritik sein\u2026&#8220; \u00a0 \u00a0 \u00a0 \u00a0 \u00a0 \u00a0 \u00a0 \u00a0 \u00a0 \u00a0 \u00a0 \u00a0 \u00a0 \u00a0 \u00a0 \u00a0 \u00a0 \u00a0 \u00a0 \u00a0 \u00a0 \u00a0 \u00a0 \u00a0 \u00a0 \u00a0 \u00a0 \u00a0 \u00a0 \u00a0 \u00a0 \u00a0 \u00a0 \u00a0 \u00a0 \u00a0 \u00a0 \u00a0 \u00a0 \u00a0 \u00a0 \u00a0\u00a0 &#8222;Frei heraus damit!&#8220; befahl der Allm\u00e4chtige leicht ungehalten, wie er sein Sonntagsruhe gef\u00e4hrdet sah. &#8222;Was ist es?&#8220; &#8222;Nun&#8220;, sprach die Katze und ringelte ihren Schwanz um die Vorderf\u00fcsse. &#8222;Ich bin nicht wehrhaft genug! Meine Krallen und Z\u00e4hne sind zwar hervorragende Waffen gegen M\u00e4use und andere Nagetiere und mit meiner Sprungkraft kann ich manchem Vogel einen Schrecken einjagen. Aber dem Menschen bin ich machtlos ausgeliefert.&#8220;<\/p>\n<p>Unruhig schaute der Allm\u00e4chtige auf seine Uhr, die Katze nutzte die Pause, um fortzufahren.\u00a0&#8222;Dem L\u00f6wen und dem Tiger hast Du \u00fcbergrosse Reissz\u00e4hne und furchtgebietende Pranken gegeben, die Schlange kann sich mit Gift zur Wehr setzen und selbst der Igel kann mit seinen Stacheln den Menschen in Schach halten. Nur ich, Herr, ich bin wehrlos und deshalb ein wenig ungl\u00fccklich.&#8220;<\/p>\n<p>&#8222;Was schwebt Dir vor?&#8220; fragte der Allm\u00e4chtige. &#8222;Willst Du Fl\u00fcgel wie die V\u00f6gel haben oder Dich wie der Wurm in der Erde verkriechen k\u00f6nnen?&#8220; \u00a0 \u00a0 \u00a0 \u00a0 \u00a0 \u00a0 \u00a0 \u00a0 \u00a0 \u00a0 \u00a0 \u00a0 \u00a0 \u00a0 \u00a0 \u00a0 \u00a0 \u00a0 \u00a0 \u00a0 \u00a0 \u00a0 \u00a0 \u00a0 \u00a0 \u00a0 \u00a0 \u00a0 \u00a0 \u00a0 \u00a0 \u00a0 \u00a0 \u00a0 \u00a0 \u00a0 \u00a0 \u00a0 \u00a0 \u00a0 \u00a0 \u00a0 \u00a0 \u00a0 \u00a0 \u00a0 \u00a0 &#8222;Ich weiss es nicht&#8220;, sagte die Katze traurig. &#8222;Vielleicht w\u00e4re ein grosser Stosszahn wie beim Elefanten oder beim Nashorn gut.&#8220; \u00a0 \u00a0 \u00a0 \u00a0 \u00a0 \u00a0 \u00a0 \u00a0 \u00a0 \u00a0 \u00a0 \u00a0 \u00a0 \u00a0 \u00a0 \u00a0 \u00a0 \u00a0 \u00a0 \u00a0 \u00a0 \u00a0 \u00a0 \u00a0 \u00a0 \u00a0 \u00a0 \u00a0 \u00a0 \u00a0 \u00a0 \u00a0 \u00a0 \u00a0 \u00a0 \u00a0 \u00a0 \u00a0 \u00a0 \u00a0 \u00a0 \u00a0 \u00a0 \u00a0 \u00a0 \u00a0 \u00a0 \u00a0 \u00a0 \u00a0 \u00a0 \u00a0 \u00a0 \u00a0\u00a0 &#8222;Wie Du willst&#8220;, sprach der Herr und verpasste der Katze zwei m\u00e4chtige Hauer aus edelstem Elfenbein. Sofort verlor das Tier das Gleichgewicht und fiel bewegungsunf\u00e4hig vorn\u00fcber.<\/p>\n<p>&#8222;Ich glaube, Stossz\u00e4hne sind doch nicht das Richtige&#8220;, klagte die Katze noch ungl\u00fccklicher als zuvor. &#8222;Wenn sie nur nicht so gross w\u00e4ren! Vielleicht w\u00e4re ein spitzer Schnabel besser?&#8220;<\/p>\n<p>Wieder erf\u00fcllte der Herr ihren Wunsch und ersetzte die kleine Stupsnase durch einen wuchtigen, dolchartigen Schnabel. Aber ach, die Katze war erneut unzufrieden. \u00a0 \u00a0 \u00a0 \u00a0 \u00a0 \u00a0 \u00a0 \u00a0 \u00a0 \u00a0 \u00a0 \u00a0 \u00a0 \u00a0 \u00a0 \u00a0 \u00a0 \u00a0 \u00a0 \u00a0 \u00a0 \u00a0 \u00a0 \u00a0 \u00a0 \u00a0\u00a0 &#8222;Ich glaube, ein Schnabel ist doch nicht das Richtige&#8220;, jammerte sie und hackte unbeholfen auf dem Boden. &#8220; Wie soll ich denn jetzt mein Fell pflegen? Vielleicht w\u00e4re ein schwerer Echsenpanzer besser!&#8220; \u00a0 \u00a0 \u00a0 \u00a0 \u00a0 \u00a0 \u00a0 \u00a0 \u00a0 \u00a0 \u00a0 \u00a0 \u00a0 \u00a0 \u00a0 \u00a0 \u00a0 \u00a0 \u00a0 \u00a0 \u00a0 \u00a0 \u00a0 \u00a0 \u00a0 \u00a0 \u00a0 \u00a0 \u00a0 \u00a0 \u00a0 \u00a0 \u00a0 \u00a0 \u00a0 \u00a0 \u00a0 \u00a0 \u00a0 \u00a0 \u00a0 \u00a0 \u00a0 \u00a0 \u00a0 \u00a0 \u00a0 \u00a0 \u00a0 \u00a0 \u00a0 \u00a0 \u00a0 \u00a0 \u00a0 \u00a0 \u00a0 \u00a0 \u00a0 \u00a0 \u00a0 \u00a0 \u00a0 \u00a0 \u00a0 \u00a0 \u00a0 \u00a0 \u00a0 \u00a0 \u00a0 \u00a0 \u00a0 \u00a0 \u00a0 \u00a0 \u00a0 \u00a0 \u00a0 Und wieder erf\u00fcllte der Herr ihren Wunsch und wieder war die Katze unzufrieden und wieder w\u00fcnschte sie sich was Anderes. Aber ganz gleich, was ihr der Allm\u00e4chtige auf den Leib schneiderte, die Katze wurde immer trauriger.<\/p>\n<p>Inzwischen war es bereits eine Minute vor Mitternacht, der siebte Tag, an dem die Sch\u00f6pfung abgeschlossen sein sollte und der Allm\u00e4chtige ruhen wollte, r\u00fcckte erbarmungslos n\u00e4her. Da schaute der Herr auf das arme K\u00e4tzchen und sprach: &#8222;Um mit dem Menschen fertig zu werden, brauchst Du keine Stossz\u00e4hne, keinen Schnabel und auch keinen Panzer. Ich gebe Dir jetzt n\u00e4mlich eine Waffe, die wirkungsvoller ist als jede Pranke und jedes Gift! Die Menschen werden Dir ehrf\u00fcrchtig zu F\u00fcssen liegen. Ich schenke Dir das Schnurren!&#8220;<\/p>\n<p>Im selben Augenblick schlug die Uhr zw\u00f6lf, begleitet von einem wohligen Laut, der aus der Tiefe einer \u00fcbergl\u00fccklichen Katzenkehle kam. Da sah der Herr, dass es gut war, nahm den schnurrenden Pelzkn\u00e4uel auf den Schoss und sagte: &#8222;Ich habe sechs Tage lang schwer gearbeitet und brauche jetzt ein wenig Entspannung. Meinen ersten Sonntag will ich gemeinsam mit Dir verbringen.&#8220; Sprachs und rollte sich mit dem K\u00e4tzchen zu einem Schl\u00e4fchen aufs Sofa.<\/p>\n<p><em>(Autor: Gregory Heath)<\/em><\/p>\n","protected":false},"excerpt":{"rendered":"<p>Am sp\u00e4ten Samstagabend der Sch\u00f6pfung blickte der Allm\u00e4chtige auf sein Werk und legte die F\u00fcsse hoch. Er freute sich auf<\/p>\n","protected":false},"author":2,"featured_media":0,"parent":0,"menu_order":0,"comment_status":"closed","ping_status":"closed","template":"","meta":[],"_links":{"self":[{"href":"https:\/\/www.katze-sucht-mensch.ch\/index.php?rest_route=\/wp\/v2\/pages\/76"}],"collection":[{"href":"https:\/\/www.katze-sucht-mensch.ch\/index.php?rest_route=\/wp\/v2\/pages"}],"about":[{"href":"https:\/\/www.katze-sucht-mensch.ch\/index.php?rest_route=\/wp\/v2\/types\/page"}],"author":[{"embeddable":true,"href":"https:\/\/www.katze-sucht-mensch.ch\/index.php?rest_route=\/wp\/v2\/users\/2"}],"replies":[{"embeddable":true,"href":"https:\/\/www.katze-sucht-mensch.ch\/index.php?rest_route=%2Fwp%2Fv2%2Fcomments&post=76"}],"version-history":[{"count":16,"href":"https:\/\/www.katze-sucht-mensch.ch\/index.php?rest_route=\/wp\/v2\/pages\/76\/revisions"}],"predecessor-version":[{"id":852,"href":"https:\/\/www.katze-sucht-mensch.ch\/index.php?rest_route=\/wp\/v2\/pages\/76\/revisions\/852"}],"wp:attachment":[{"href":"https:\/\/www.katze-sucht-mensch.ch\/index.php?rest_route=%2Fwp%2Fv2%2Fmedia&parent=76"}],"curies":[{"name":"wp","href":"https:\/\/api.w.org\/{rel}","templated":true}]}}