{"id":8,"date":"2019-12-20T12:59:08","date_gmt":"2019-12-20T12:59:08","guid":{"rendered":"http:\/\/www.katze-sucht-mensch.ch\/?page_id=8"},"modified":"2024-06-11T10:08:28","modified_gmt":"2024-06-11T10:08:28","slug":"vermittlung","status":"publish","type":"page","link":"https:\/\/www.katze-sucht-mensch.ch\/?page_id=8","title":{"rendered":"Vermittlung"},"content":{"rendered":"<p style=\"text-align: left;\"><strong>Wie suche ich den passenden Menschen f\u00fcr eine Katze?\u00a0 \u00a0 \u00a0 \u00a0 \u00a0 \u00a0 \u00a0 \u00a0 \u00a0 \u00a0 \u00a0 \u00a0 \u00a0 \u00a0 \u00a0 \u00a0 \u00a0 \u00a0 \u00a0 \u00a0 \u00a0 \u00a0 \u00a0 \u00a0 \u00a0 \u00a0 \u00a0 \u00a0 \u00a0 \u00a0 \u00a0 \u00a0 \u00a0 \u00a0<\/strong><\/p>\n<p style=\"text-align: left;\"><strong>Wie suche ich die passende Katze f\u00fcr einen Menschen? \u00a0 \u00a0 \u00a0 \u00a0 \u00a0 \u00a0 \u00a0 \u00a0 \u00a0 \u00a0 \u00a0 \u00a0 \u00a0 \u00a0 \u00a0 \u00a0 \u00a0 \u00a0 \u00a0 \u00a0 \u00a0 \u00a0 \u00a0 \u00a0 \u00a0 \u00a0 \u00a0 \u00a0 \u00a0 \u00a0 \u00a0 \u00a0 \u00a0 \u00a0 \u00a0 \u00a0 \u00a0 \u00a0 \u00a0 \u00a0 <\/strong><\/p>\n<p style=\"text-align: left;\">Ich geh dabei ganz pragmatisch vor:<\/p>\n<ul>\n<li>Aufnahme der W\u00fcnsche und Anforderungen<\/li>\n<li>Abgleich mit der &#8222;Warteliste&#8220; (Interessenten, die bislang nicht zum Zug gekommen sind, nehm ich auf meine &#8222;Warteliste&#8220;. Wer weiss, vielleicht kommt ja genau heute eine Anfrage, die zu 100% passt?)<\/li>\n<li>Ver\u00f6ffentlichung\/Aushang (eigene Homepage, diverse Tierschutz-Plattformen, Social Media, Tier\u00e4rzte\/Tierkliniken, Anfrage bei befreundeten Tierschutzvereinen, \u00f6ffentlicher Aushang, u.\u00e4.)<\/li>\n<li>Vorsondierung der Anfragen<\/li>\n<li>Herstellung des Kontakts zwischen bisherigem und potentiell neuem Besitzer<\/li>\n<li>Beratung und Bereitstellung eines \u00dcbernahme-\/Schutzvertrags<\/li>\n<\/ul>\n<p>Die Entscheidung \u00fcber das definitive, neue Zuhause bzw. das neue B\u00fcsi und die eigentliche Vermittlung und \u00dcbergabe selbst liegen dann in den H\u00e4nden der Besitzer.<\/p>\n<p><strong>Was mach ich und vor allem: was mach ich nicht?<\/strong><\/p>\n<ul>\n<li>Ich selbst nehm keine Tiere auf, geb keine Tiere ab und vermittle auch keine Tiere im eigenen Namen.<\/li>\n<li>Ich such lediglich nach passenden Interessenten f\u00fcr die Aufnahme oder Abgabe von Katzen von\/ an Privat und stell den Kontakt her zwischen bisherigem und m\u00f6glichem neuen Besitzer.<\/li>\n<li>Ich lehn jegliche Haftung ab und \u00fcbernehm insbesondere keine Verantwortung f\u00fcr die ver\u00f6ffentlichten Tiere, die von den Besitzern oder Interessenten gemachten Angaben und die abgebenden oder aufnehmenden Personen generell.<\/li>\n<li>Ich bin der Meinung, dass es in der Schweiz genug Katzenelend gibt und m\u00f6chte Katzenhalter <strong>in der Schweiz<\/strong> bei einer notwendigen Umplatzierung ihres B\u00fcsis behilflich sein. Ich unterst\u00fctze keinen Direktimport aus dem Ausland, keine Zuchten oder reine Verk\u00e4ufe von Katzen.<\/li>\n<li>Umgekehrt werden die ausgeschriebenen Katzen auch nicht ins Ausland vermittelt. Ich will den Katzen den Stress von langen Transportwegen und den neuen Besitzern den Aufwand bzgl. Einhaltung der zollrechtlichen Bestimmungen ersparen. Auch im jeweiligen Ausland gibt&#8217;s B\u00fcsis auf der Suche nach einem neuen Zuhause!<\/li>\n<\/ul>\n<p>Ich bin kein Verein und keine Organisation, sondern nur eine &#8222;Initiative&#8220;. Ich mach das Ganze ehrenamtlich in meiner Freizeit und kostenlos, im wahrsten Sinne des Wortes &#8222;f\u00fcr die Katz&#8220;. Sie d\u00fcrfen f\u00fcr diesen Service aber gern etwas spenden. Bei Bedarf geb ich auch gern die Kontaktdaten von befreundeten Katzenschutzvereinen ab, die sich sehr \u00fcber einen kleinen Zustupf freuen w\u00fcrden. Wenn Sie mir pers\u00f6nlich etwas zukommen lassen wollen, geb ich auch hier gern Bankdaten weiter. Ich m\u00f6chte aber solch eine &#8222;Spende&#8220; 1:1 einem konkreten bed\u00fcrftigen &#8222;Fall&#8220; einer befreundeten Tierschutzorganisation weitergeben und Sie dar\u00fcber informieren, welches B\u00fcsis das Gl\u00fcckliche ist.<\/p>\n<p style=\"text-align: center;\"><strong>Sicher, es ist manchmal die Suche der Nadel im Heuhaufen, aber sie lohnt sich, diese Suche. <\/strong><\/p>\n<p style=\"text-align: center;\"><strong>Dies zeigen mir die Gschichtli und F\u00f6teli von ehemaligen Kandidaten im neuen Daheim, <\/strong><\/p>\n<p style=\"text-align: center;\"><strong>die ich immer wieder gern erhalte.<\/strong><\/p>\n","protected":false},"excerpt":{"rendered":"<p>Wie suche ich den passenden Menschen f\u00fcr eine Katze?\u00a0 \u00a0 \u00a0 \u00a0 \u00a0 \u00a0 \u00a0 \u00a0 \u00a0 \u00a0 \u00a0 \u00a0<\/p>\n","protected":false},"author":1,"featured_media":0,"parent":0,"menu_order":0,"comment_status":"closed","ping_status":"closed","template":"","meta":[],"_links":{"self":[{"href":"https:\/\/www.katze-sucht-mensch.ch\/index.php?rest_route=\/wp\/v2\/pages\/8"}],"collection":[{"href":"https:\/\/www.katze-sucht-mensch.ch\/index.php?rest_route=\/wp\/v2\/pages"}],"about":[{"href":"https:\/\/www.katze-sucht-mensch.ch\/index.php?rest_route=\/wp\/v2\/types\/page"}],"author":[{"embeddable":true,"href":"https:\/\/www.katze-sucht-mensch.ch\/index.php?rest_route=\/wp\/v2\/users\/1"}],"replies":[{"embeddable":true,"href":"https:\/\/www.katze-sucht-mensch.ch\/index.php?rest_route=%2Fwp%2Fv2%2Fcomments&post=8"}],"version-history":[{"count":20,"href":"https:\/\/www.katze-sucht-mensch.ch\/index.php?rest_route=\/wp\/v2\/pages\/8\/revisions"}],"predecessor-version":[{"id":3069,"href":"https:\/\/www.katze-sucht-mensch.ch\/index.php?rest_route=\/wp\/v2\/pages\/8\/revisions\/3069"}],"wp:attachment":[{"href":"https:\/\/www.katze-sucht-mensch.ch\/index.php?rest_route=%2Fwp%2Fv2%2Fmedia&parent=8"}],"curies":[{"name":"wp","href":"https:\/\/api.w.org\/{rel}","templated":true}]}}