{"id":88,"date":"2019-12-29T18:20:35","date_gmt":"2019-12-29T18:20:35","guid":{"rendered":"http:\/\/www.katze-sucht-mensch.ch\/?page_id=88"},"modified":"2023-09-19T12:44:23","modified_gmt":"2023-09-19T12:44:23","slug":"gebet-einer-katze","status":"publish","type":"page","link":"https:\/\/www.katze-sucht-mensch.ch\/?page_id=88","title":{"rendered":"Gebet einer Katze"},"content":{"rendered":"<p>Ich bitte Dich, hab auf mich acht.<\/p>\n<p>Wenn ich klein bin, lieben mich alle Menschenkinder. Bitte sag ihnen, ich mag nicht den ganzen Tag herumgetragen werden. Ich bin doch kein Stofftier. Lieber m\u00f6chte ich hinter den Ohren gekrault werden und viel Schlaf brauche ich auch noch.<\/p>\n<p>Wenn ich nicht erw\u00fcnscht bin, m\u00f6chte ich nicht in einer M\u00fclltonne landen oder in einem See ertr\u00e4nkt werden, das habe ich nicht verdient.<\/p>\n<p>Es gibt so viele liebe Menschen, die gerne ein K\u00e4tzchen h\u00e4tten. Es w\u00e4re sch\u00f6n, wenn man sich wenigstens darum k\u00fcmmert und mich dann in ein Tierheim abgibt. Kannst Du es ihnen sagen, lieber Gott?<\/p>\n<p>Ich werde meinem Menschen ein Leben lang viel Freude machen, nur, ich bin eine Katze und habe meinen eigenen Kopf! Lieber Gott, ob sie es verstehen?<\/p>\n<p>Eine Bitte h\u00e4tt ich noch: wenn, ja wenn es mal mit mir zu Ende geht, dass mein Mensch bitte an meiner Seite ist und mir einen gnadenvollen Tod beschert. Das, lieber Gott, erbitte ich f\u00fcr mich!<\/p>\n<p>Und wenn Du es willst, werde ich meinen lieben Menschen an der Regenbogenbr\u00fccke entgegenlaufen und wir werden uns nie wieder trennen.<\/p>\n<p>Amen.<\/p>\n<p>(Autor: unbekannt)<\/p>\n","protected":false},"excerpt":{"rendered":"<p>Ich bitte Dich, hab auf mich acht. Wenn ich klein bin, lieben mich alle Menschenkinder. Bitte sag ihnen, ich mag<\/p>\n","protected":false},"author":2,"featured_media":0,"parent":0,"menu_order":0,"comment_status":"closed","ping_status":"closed","template":"","meta":[],"_links":{"self":[{"href":"https:\/\/www.katze-sucht-mensch.ch\/index.php?rest_route=\/wp\/v2\/pages\/88"}],"collection":[{"href":"https:\/\/www.katze-sucht-mensch.ch\/index.php?rest_route=\/wp\/v2\/pages"}],"about":[{"href":"https:\/\/www.katze-sucht-mensch.ch\/index.php?rest_route=\/wp\/v2\/types\/page"}],"author":[{"embeddable":true,"href":"https:\/\/www.katze-sucht-mensch.ch\/index.php?rest_route=\/wp\/v2\/users\/2"}],"replies":[{"embeddable":true,"href":"https:\/\/www.katze-sucht-mensch.ch\/index.php?rest_route=%2Fwp%2Fv2%2Fcomments&post=88"}],"version-history":[{"count":6,"href":"https:\/\/www.katze-sucht-mensch.ch\/index.php?rest_route=\/wp\/v2\/pages\/88\/revisions"}],"predecessor-version":[{"id":2139,"href":"https:\/\/www.katze-sucht-mensch.ch\/index.php?rest_route=\/wp\/v2\/pages\/88\/revisions\/2139"}],"wp:attachment":[{"href":"https:\/\/www.katze-sucht-mensch.ch\/index.php?rest_route=%2Fwp%2Fv2%2Fmedia&parent=88"}],"curies":[{"name":"wp","href":"https:\/\/api.w.org\/{rel}","templated":true}]}}