{"id":94,"date":"2019-12-29T18:22:06","date_gmt":"2019-12-29T18:22:06","guid":{"rendered":"http:\/\/www.katze-sucht-mensch.ch\/?page_id=94"},"modified":"2021-11-24T18:26:41","modified_gmt":"2021-11-24T18:26:41","slug":"tonis-brief-an-die-katze","status":"publish","type":"page","link":"https:\/\/www.katze-sucht-mensch.ch\/?page_id=94","title":{"rendered":"Tonis Brief an die Katze"},"content":{"rendered":"<p>Ich m\u00f6chte nicht mehr analysieren und erkl\u00e4ren, sondern einfach dasein: wie Du, die Du Dich in der Sonne w\u00e4rmst, ohne etwas \u00fcber das Zustandekommen des Wetters wissen zu wollen.<\/p>\n<p>Ich m\u00f6chte mir mit sicherem Gef\u00fchl Menschen suchen und von ihnen weggehen k\u00f6nnen, wenn sie nicht gut f\u00fcr mich sind: wie Du, die Du ohne Z\u00f6gern meidest, bevorzugst, liebst, verl\u00e4sst.<\/p>\n<p>Ich m\u00f6chte mir Z\u00e4rtlichkeit und Liebe holen k\u00f6nnen, wenn ich sie brauche: wie Du, die Du dann sanft auf meinen Schoss springst.<\/p>\n<p>Ich m\u00f6chte unaufdringlich und ohne Ratschl\u00e4ge tr\u00f6sten k\u00f6nnen; wie Du, die Du einfach zu mir kommst und mir zuh\u00f6rst, wenn Du merkst, dass ich traurig bin.<\/p>\n<p>Ich m\u00f6chte mich zuviel Liebe und zuviel Anspruch anderer gelassen entziehen k\u00f6nnen: wie Du, die Du ruhig aufstehst und fortgehst, wennemein Streichelbed\u00fcrfnis gr\u00f6sser ist als Deins.<\/p>\n<p>Ich m\u00f6chte mich wehren k\u00f6nnen: wie Du, die Du die Krallen zeigst, wenn ich Deine sanfteren Zeichen nicht verstehe.<\/p>\n<p>Ich m\u00f6chte ohne Schuldgef\u00fchle bevorzugen und ungerecht verteilen k\u00f6nnen: wie Du, die Du nachts, wenn B. nach Hause kommt, von meinem Bett aufstehst und in ihr Zimmer gehst &#8211; ohne zu \u00fcberlegen, was das mit mir macht-.<\/p>\n<p>Ich m\u00f6chte allezeit erst mal f\u00fcr mich sorgen k\u00f6nnen und mich wichtig nehmen: wie Du, die Du stets nur etwas f\u00fcr Dich tust &#8211; und es ist sch\u00f6n, wenn unserer beider W\u00fcnsche \u00fcbereinstimmen.<\/p>\n<p>Ich m\u00f6chte meiner Kraft und meinem K\u00f6nnen sicher vertrauen: wie Du, die Du Deine Spr\u00fcnge immer richtig absch\u00e4tzt und genau weisst, was zu gef\u00e4hrlich f\u00fcr Dich ist, was Du nicht schaffst.<\/p>\n<p>Ich m\u00f6chte achtsam und vorsichtig sein k\u00f6nnen, meinen Weg zu gehen, ohne zu zerst\u00f6ren: wie Du, die Du auf meiner vollen Fensterbank spazierst, ohne etwas umzuwerfen.<\/p>\n<p>Ich m\u00f6chte anmutig, kraftvoll, harmonisch und sch\u00f6n sein: wie Du, die Du nicht \u00fcberlegst, ob Du wohl anmutiger, sch\u00f6ner \u2026 bist; wie Du, die Du keine verspannten Muskeln hast, weil Du nichts unterdr\u00fcckst.<\/p>\n<p>Ich m\u00f6chte mich trauen, mit weniger Worten auszukommen: wie Du, die Du darauf vertraust, dass ich Dich lieb genug habe, Dich auch wortlos zu verstehen; wie Du, die Du Deine Sachen machst, ohne um Erlaubnis zu fragen und Dich zu rechtfertigen.<\/p>\n<p>Ich m\u00f6chte laut fordern k\u00f6nnen, was ich f\u00fcr mein Recht halte: wie Du, wenn Du morgens Dein Fr\u00fchst\u00fcck verlangst.<\/p>\n<p>Ich m\u00f6chte mich laut beschweren k\u00f6nnen, statt seufzend hinzunehmen: wie Du, wenn Dir Dein Katzenklo zu dreckig ist.<\/p>\n<p>Ich m\u00f6chte mich einfach in anderer Leute Betten legen und nicht an meinem Wert zweifeln, wenn sie mich dort nicht haben wollen: wie Du.<\/p>\n<p>Ich m\u00f6chte neugierig sein und mich in alle H\u00f6hlen trauen; wie Du, der kein Karton zu dunkel und kein Schrankfach zu unheimlich ist.<\/p>\n<p>Ich m\u00f6chte in meiner Umgebung immer wieder neue Dinge, Menschen, Freude-M\u00f6glichkeiten, Streichel-Partner, spannende Sachen zum Untersuchen und Spielen finde: wie Du, die Du Dich nie langweilst.<\/p>\n<p>Ich m\u00f6chte mich total dem Genuss hingeben k\u00f6nnen, wenn mir Liebe gegeben wird: wie Du, die Du nie berechnest, wieviel Gegenstreicheleinheiten Du mir nun schuldest und nie \u00fcberlegst, ob ich Dich morgen auch noch streichle, wie Du Dir eine Garantie daf\u00fcr verschaffen kannst, was Du daf\u00fcr tun musst und wen ich sonst noch streichele \u2026<\/p>\n<p>Ich m\u00f6chte mich trauen, eitel zu sein und mich stundenlang mit mir zu besch\u00e4ftigen: wie Du, die Du Dich so ausgiebig und genussvoll putzt, f\u00fcr Dich.<\/p>\n<p>Ich m\u00f6chte alle meine Eigenschaften besitzen und keine davon verleugnen: wie Du, die Du Dich nie fragst, ob M\u00e4usefangen moralisch ist; die Du Dich nicht der Schizophrenie verd\u00e4chtigst, weil Du z\u00e4rtlich und grausam bist.<\/p>\n<p>Ich m\u00f6chte mich aus Angelegenheiten anderer raushalten und nicht deren Bestes wissen: wie Du, die Du mir nicht das Rauchen oder das Colatrinken verbietest.<\/p>\n<p>Ich m\u00f6chte sicher, unmanipulierbar und unerziehbar sein: wie Du, die Du nur Deiner Wege gehst, nur Dir gehorchst, nur Dir geh\u00f6rst.<\/p>\n<p>Ich m\u00f6chte nicht andere fragen m\u00fcssen, wie ich am besten Toni bin: wie Du, die Du nicht auf die Idee k\u00e4mest, eine andere Katze zu fragen, wie man am besten eine Katze ist.<\/p>\n<p>Ich m\u00f6chte keine Theorien mehr lesen, sondern einfach leben: wie Du, die Du Dich frech auf mein Buch legst und die Schrift verdeckst, in der ich wieder nach dem Zauberwort gesucht habe, und mir zeigst: Hier ist das Lebendige, jetzt!<\/p>\n<p><em>(Autor: Toni)<\/em><\/p>\n","protected":false},"excerpt":{"rendered":"<p>Ich m\u00f6chte nicht mehr analysieren und erkl\u00e4ren, sondern einfach dasein: wie Du, die Du Dich in der Sonne w\u00e4rmst, ohne<\/p>\n","protected":false},"author":2,"featured_media":0,"parent":0,"menu_order":0,"comment_status":"closed","ping_status":"closed","template":"","meta":[],"_links":{"self":[{"href":"https:\/\/www.katze-sucht-mensch.ch\/index.php?rest_route=\/wp\/v2\/pages\/94"}],"collection":[{"href":"https:\/\/www.katze-sucht-mensch.ch\/index.php?rest_route=\/wp\/v2\/pages"}],"about":[{"href":"https:\/\/www.katze-sucht-mensch.ch\/index.php?rest_route=\/wp\/v2\/types\/page"}],"author":[{"embeddable":true,"href":"https:\/\/www.katze-sucht-mensch.ch\/index.php?rest_route=\/wp\/v2\/users\/2"}],"replies":[{"embeddable":true,"href":"https:\/\/www.katze-sucht-mensch.ch\/index.php?rest_route=%2Fwp%2Fv2%2Fcomments&post=94"}],"version-history":[{"count":4,"href":"https:\/\/www.katze-sucht-mensch.ch\/index.php?rest_route=\/wp\/v2\/pages\/94\/revisions"}],"predecessor-version":[{"id":843,"href":"https:\/\/www.katze-sucht-mensch.ch\/index.php?rest_route=\/wp\/v2\/pages\/94\/revisions\/843"}],"wp:attachment":[{"href":"https:\/\/www.katze-sucht-mensch.ch\/index.php?rest_route=%2Fwp%2Fv2%2Fmedia&parent=94"}],"curies":[{"name":"wp","href":"https:\/\/api.w.org\/{rel}","templated":true}]}}